{"id":1017,"date":"2019-03-22T09:31:27","date_gmt":"2019-03-22T08:31:27","guid":{"rendered":"http:\/\/mobfish.net\/?page_id=1017"},"modified":"2024-01-22T15:57:46","modified_gmt":"2024-01-22T14:57:46","slug":"arbeite-kreativ-und-mit-hoher-eigenverantwortung-bewirb-dich-bei-mobfish","status":"publish","type":"page","link":"https:\/\/mobfish.net\/de\/arbeite-kreativ-und-mit-hoher-eigenverantwortung-bewirb-dich-bei-mobfish\/","title":{"rendered":"Arbeite kreativ und mit hoher Eigenverantwortung. Bewirb dich bei mobfish"},"content":{"rendered":"\n<p>Arbeiten bei mobfish ist anders als bei den Gro\u00dfen! Bei uns z\u00e4hlt jeder Mitarbeiter von der ersten Minute an, denn jeder ist wichtig. Wir entwickeln mit hoher Leidenschaft als Team gemeinsam innovative Produkte und Services. Unsere Themen sind spannend und abwechslungsreich. Unsere Strukturen sind unkompliziert und flexibel.<\/p>\n\n\n\n<h2 class=\"wp-block-heading\">Wir bieten<\/h2>\n\n\n\n<ul class=\"wp-block-list\"><li>Fokus auf Virtual Reality mit unserem mobfish VR STUDIO<\/li><li>Eigenverantwortliches und schnell wachsendes Umfeld mit hohem Lernpotential<\/li><li>Das beste Team in dem du je gearbeitet hast<\/li><li>Flexible Arbeitszeiten<\/li><li>Lockeres Umfeld und flache Hierarchien<\/li><\/ul>\n\n\n\n<div style=\"height:60px\" aria-hidden=\"true\" class=\"wp-block-spacer\"><\/div>\n\n\n\n<h2 class=\"wp-block-heading\">Werkstudentenjob \/ Teilzeit  &#8211; Marketing \/ Tech-Blogger \/ Social Media-Marketing<\/h2>\n\n\n\n<p><strong>Deine Aufgaben:<\/strong><br><\/p>\n\n\n\n<ul class=\"wp-block-list\"><li>Einarbeitung in <g class=\"gr_ gr_12 gr-alert gr_spell gr_inline_cards gr_run_anim ContextualSpelling ins-del multiReplace\" id=\"12\" data-gr-id=\"12\">technischen<\/g> Themen &amp; <g class=\"gr_ gr_13 gr-alert gr_spell gr_inline_cards gr_run_anim ContextualSpelling\" id=\"13\" data-gr-id=\"13\">unserem<\/g> Produkt<\/li><li>Recherche von <g class=\"gr_ gr_6 gr-alert gr_spell gr_inline_cards gr_run_anim ContextualSpelling\" id=\"6\" data-gr-id=\"6\">aktuellen<\/g> Themen <g class=\"gr_ gr_5 gr-alert gr_spell gr_inline_cards gr_run_anim ContextualSpelling ins-del multiReplace\" id=\"5\" data-gr-id=\"5\">rund<\/g> um Virtual Reality<\/li><li>Aktives gestalten von Texten, Postings <g class=\"gr_ gr_7 gr-alert gr_spell gr_inline_cards gr_run_anim ContextualSpelling\" id=\"7\" data-gr-id=\"7\">oder<\/g> Videos<\/li><\/ul>\n\n\n\n<p><strong>Dein Profil:<\/strong><\/p>\n\n\n\n<ul class=\"wp-block-list\"><li>Du hast eine schnelle Auffassungsgabe, arbeitest eigenverantwortlich und strukturiert<\/li><li>Gute Deutschkenntnisse in Wort und Schrift<\/li><li>Kreativit\u00e4t &amp; Kommunikationsst\u00e4rke<\/li><li>Social-Media-Affinit\u00e4t (Umgang mit den g\u00e4ngigen sozialen Netzwerken)<\/li><li>Strukturierte, ergebnisorientierte Arbeitsweise<\/li><li>Interessen an neuen Technologien &amp; Virtual Reality<\/li><\/ul>\n\n\n\n<div style=\"height:60px\" aria-hidden=\"true\" class=\"wp-block-spacer\"><\/div>\n\n\n\n<h2 class=\"wp-block-heading\">Initiativbewerbung<\/h2>\n\n\n\n<p>Du willst durchstarten und hast Bock im Startup zu arbeiten. <a href=\"https:\/\/mobfish.net\/de\/kontaktiere-uns\/\">Dann bewirb dich bei uns<\/a>. Zeig uns wo deine Interessen liegen und was du kannst. Sei es Design, Programmierung, Marketing oder freakige Hacker-Projekte. Wir freuen uns dich kennen zu lernen und dich als Teammitglied begr\u00fc\u00dfen zu k\u00f6nnen.<\/p>\n\n\n\n<ul class=\"wp-block-list\"><li>Art: Vollzeit oder Werkstudent<\/li><li>Ort: twinC GmbH Headquarter Wuppertal<\/li><\/ul>\n\n\n\n<p><\/p>\n","protected":false},"excerpt":{"rendered":"<p>Arbeiten bei mobfish ist anders als bei den Gro\u00dfen! Bei uns z\u00e4hlt jeder Mitarbeiter von der ersten Minute an, denn&#8230;<\/p>\n","protected":false},"author":1,"featured_media":0,"parent":0,"menu_order":0,"comment_status":"closed","ping_status":"closed","template":"","meta":{"jetpack_post_was_ever_published":false,"footnotes":""},"class_list":["post-1017","page","type-page","status-publish","hentry"],"yoast_head":"<!-- This site is optimized with the Yoast SEO plugin v22.2 - https:\/\/yoast.com\/wordpress\/plugins\/seo\/ -->\n<title>Arbeite kreativ und mit hoher Eigenverantwortung. Bewirb dich bei mobfish - mobfish VR STUDIO - Build your own interactive VR App!<\/title>\n<meta name=\"robots\" content=\"index, follow, max-snippet:-1, max-image-preview:large, max-video-preview:-1\" \/>\n<link rel=\"canonical\" href=\"https:\/\/mobfish.net\/de\/arbeite-kreativ-und-mit-hoher-eigenverantwortung-bewirb-dich-bei-mobfish\/\" \/>\n<meta property=\"og:locale\" content=\"de_DE\" \/>\n<meta property=\"og:type\" content=\"article\" \/>\n<meta property=\"og:title\" content=\"Arbeite kreativ und mit hoher Eigenverantwortung. Bewirb dich bei mobfish - mobfish VR STUDIO - Build your own interactive VR App!\" \/>\n<meta property=\"og:description\" content=\"Arbeiten bei mobfish ist anders als bei den Gro\u00dfen! Bei uns z\u00e4hlt jeder Mitarbeiter von der ersten Minute an, denn...\" \/>\n<meta property=\"og:url\" content=\"https:\/\/mobfish.net\/de\/arbeite-kreativ-und-mit-hoher-eigenverantwortung-bewirb-dich-bei-mobfish\/\" \/>\n<meta property=\"og:site_name\" content=\"mobfish VR STUDIO - Build your own interactive VR App!\" \/>\n<meta property=\"article:modified_time\" content=\"2024-01-22T14:57:46+00:00\" \/>\n<meta name=\"twitter:card\" content=\"summary_large_image\" \/>\n<meta name=\"twitter:label1\" content=\"Gesch\u00e4tzte Lesezeit\" \/>\n\t<meta name=\"twitter:data1\" content=\"1\u00a0Minute\" \/>\n<script type=\"application\/ld+json\" class=\"yoast-schema-graph\">{\"@context\":\"https:\/\/schema.org\",\"@graph\":[{\"@type\":\"WebPage\",\"@id\":\"https:\/\/mobfish.net\/de\/arbeite-kreativ-und-mit-hoher-eigenverantwortung-bewirb-dich-bei-mobfish\/\",\"url\":\"https:\/\/mobfish.net\/de\/arbeite-kreativ-und-mit-hoher-eigenverantwortung-bewirb-dich-bei-mobfish\/\",\"name\":\"Arbeite kreativ und mit hoher Eigenverantwortung. Bewirb dich bei mobfish - mobfish VR STUDIO - Build your own interactive VR App!\",\"isPartOf\":{\"@id\":\"https:\/\/mobfish.net\/de\/#website\"},\"datePublished\":\"2019-03-22T08:31:27+00:00\",\"dateModified\":\"2024-01-22T14:57:46+00:00\",\"breadcrumb\":{\"@id\":\"https:\/\/mobfish.net\/de\/arbeite-kreativ-und-mit-hoher-eigenverantwortung-bewirb-dich-bei-mobfish\/#breadcrumb\"},\"inLanguage\":\"de\",\"potentialAction\":[{\"@type\":\"ReadAction\",\"target\":[\"https:\/\/mobfish.net\/de\/arbeite-kreativ-und-mit-hoher-eigenverantwortung-bewirb-dich-bei-mobfish\/\"]}]},{\"@type\":\"BreadcrumbList\",\"@id\":\"https:\/\/mobfish.net\/de\/arbeite-kreativ-und-mit-hoher-eigenverantwortung-bewirb-dich-bei-mobfish\/#breadcrumb\",\"itemListElement\":[{\"@type\":\"ListItem\",\"position\":1,\"name\":\"Home\",\"item\":\"https:\/\/mobfish.net\/de\/\"},{\"@type\":\"ListItem\",\"position\":2,\"name\":\"Arbeite kreativ und mit hoher Eigenverantwortung. Bewirb dich bei mobfish\"}]},{\"@type\":\"WebSite\",\"@id\":\"https:\/\/mobfish.net\/de\/#website\",\"url\":\"https:\/\/mobfish.net\/de\/\",\"name\":\"mobfish VR STUDIO - Build your own interactive VR App!\",\"description\":\"\",\"potentialAction\":[{\"@type\":\"SearchAction\",\"target\":{\"@type\":\"EntryPoint\",\"urlTemplate\":\"https:\/\/mobfish.net\/de\/?s={search_term_string}\"},\"query-input\":\"required name=search_term_string\"}],\"inLanguage\":\"de\"}]}<\/script>\n<!-- \/ Yoast SEO plugin. -->","yoast_head_json":{"title":"Arbeite kreativ und mit hoher Eigenverantwortung. Bewirb dich bei mobfish - mobfish VR STUDIO - Build your own interactive VR App!","robots":{"index":"index","follow":"follow","max-snippet":"max-snippet:-1","max-image-preview":"max-image-preview:large","max-video-preview":"max-video-preview:-1"},"canonical":"https:\/\/mobfish.net\/de\/arbeite-kreativ-und-mit-hoher-eigenverantwortung-bewirb-dich-bei-mobfish\/","og_locale":"de_DE","og_type":"article","og_title":"Arbeite kreativ und mit hoher Eigenverantwortung. Bewirb dich bei mobfish - mobfish VR STUDIO - Build your own interactive VR App!","og_description":"Arbeiten bei mobfish ist anders als bei den Gro\u00dfen! Bei uns z\u00e4hlt jeder Mitarbeiter von der ersten Minute an, denn...","og_url":"https:\/\/mobfish.net\/de\/arbeite-kreativ-und-mit-hoher-eigenverantwortung-bewirb-dich-bei-mobfish\/","og_site_name":"mobfish VR STUDIO - Build your own interactive VR App!","article_modified_time":"2024-01-22T14:57:46+00:00","twitter_card":"summary_large_image","twitter_misc":{"Gesch\u00e4tzte Lesezeit":"1\u00a0Minute"},"schema":{"@context":"https:\/\/schema.org","@graph":[{"@type":"WebPage","@id":"https:\/\/mobfish.net\/de\/arbeite-kreativ-und-mit-hoher-eigenverantwortung-bewirb-dich-bei-mobfish\/","url":"https:\/\/mobfish.net\/de\/arbeite-kreativ-und-mit-hoher-eigenverantwortung-bewirb-dich-bei-mobfish\/","name":"Arbeite kreativ und mit hoher Eigenverantwortung. Bewirb dich bei mobfish - mobfish VR STUDIO - Build your own interactive VR App!","isPartOf":{"@id":"https:\/\/mobfish.net\/de\/#website"},"datePublished":"2019-03-22T08:31:27+00:00","dateModified":"2024-01-22T14:57:46+00:00","breadcrumb":{"@id":"https:\/\/mobfish.net\/de\/arbeite-kreativ-und-mit-hoher-eigenverantwortung-bewirb-dich-bei-mobfish\/#breadcrumb"},"inLanguage":"de","potentialAction":[{"@type":"ReadAction","target":["https:\/\/mobfish.net\/de\/arbeite-kreativ-und-mit-hoher-eigenverantwortung-bewirb-dich-bei-mobfish\/"]}]},{"@type":"BreadcrumbList","@id":"https:\/\/mobfish.net\/de\/arbeite-kreativ-und-mit-hoher-eigenverantwortung-bewirb-dich-bei-mobfish\/#breadcrumb","itemListElement":[{"@type":"ListItem","position":1,"name":"Home","item":"https:\/\/mobfish.net\/de\/"},{"@type":"ListItem","position":2,"name":"Arbeite kreativ und mit hoher Eigenverantwortung. Bewirb dich bei mobfish"}]},{"@type":"WebSite","@id":"https:\/\/mobfish.net\/de\/#website","url":"https:\/\/mobfish.net\/de\/","name":"mobfish VR STUDIO - Build your own interactive VR App!","description":"","potentialAction":[{"@type":"SearchAction","target":{"@type":"EntryPoint","urlTemplate":"https:\/\/mobfish.net\/de\/?s={search_term_string}"},"query-input":"required name=search_term_string"}],"inLanguage":"de"}]}},"jetpack_sharing_enabled":true,"jetpack_shortlink":"https:\/\/wp.me\/PaPoOe-gp","_links":{"self":[{"href":"https:\/\/mobfish.net\/de\/wp-json\/wp\/v2\/pages\/1017","targetHints":{"allow":["GET"]}}],"collection":[{"href":"https:\/\/mobfish.net\/de\/wp-json\/wp\/v2\/pages"}],"about":[{"href":"https:\/\/mobfish.net\/de\/wp-json\/wp\/v2\/types\/page"}],"author":[{"embeddable":true,"href":"https:\/\/mobfish.net\/de\/wp-json\/wp\/v2\/users\/1"}],"replies":[{"embeddable":true,"href":"https:\/\/mobfish.net\/de\/wp-json\/wp\/v2\/comments?post=1017"}],"version-history":[{"count":11,"href":"https:\/\/mobfish.net\/de\/wp-json\/wp\/v2\/pages\/1017\/revisions"}],"predecessor-version":[{"id":2766,"href":"https:\/\/mobfish.net\/de\/wp-json\/wp\/v2\/pages\/1017\/revisions\/2766"}],"wp:attachment":[{"href":"https:\/\/mobfish.net\/de\/wp-json\/wp\/v2\/media?parent=1017"}],"curies":[{"name":"wp","href":"https:\/\/api.w.org\/{rel}","templated":true}]}}