{"id":1057,"date":"2019-03-25T14:06:17","date_gmt":"2019-03-25T13:06:17","guid":{"rendered":"http:\/\/mobfish.net\/?page_id=1057"},"modified":"2021-04-27T09:26:44","modified_gmt":"2021-04-27T08:26:44","slug":"partnerprogramm","status":"publish","type":"page","link":"https:\/\/mobfish.net\/de\/partnerprogramm\/","title":{"rendered":"Unser Virtual Reality Partnerprogramm"},"content":{"rendered":"\n<p>Unsere Vision ist, Software zu entwickeln, die es Menschen erm\u00f6glicht, Teil der digitalen Zukunft zu sein. Lass uns gemeinsam das Unbekannte erforschen und unsere digitale Kultur herausfordern. <\/p>\n\n\n\n<p>Du brennst f\u00fcr Themen rund um Virtual Reality? <br>Dann suchen wir genau dich!<\/p>\n\n\n\n<p>Mit unserem Partnerprogramm kannst du zum einen Virtual Reality n\u00e4her an die Menschen bringen und zum anderen Rabatte oder Provisionen bekommen. Wir haben unser Partnerprogramm in drei Kategorien unterteilt.<\/p>\n\n\n\n<h2 class=\"wp-block-heading\">1. VR Enthusiast<\/h2>\n\n\n\n<p>Du betreibst deinen eigenen Blog, einen YouTube Kanal oder andere Social Media Kan\u00e4le wie Instagram und co.? Dann bekommst du von uns die M\u00f6glichkeit unser mobfish VR STUDIO kostenlos zu testen. <\/p>\n\n\n\n<p>Zeig deinen Nutzern, wie einfach es ist eigene VR Erfahrungen zu erstellen und bekomme f\u00fcr jeden geworbenen Nutzer Cash!<\/p>\n\n\n\n<p>Du bekommst:<\/p>\n\n\n\n<ul class=\"wp-block-list\"><li>Ein kostenloses Projekt im mobfish VR STUDIO (3 Monate)<\/li><li>20% auf deine eigene Lizenz<\/li><li>150\u20ac Cash f\u00fcr jeden Nutzer, der \u00fcber deinen Referral-Link eine Jahreslizenz kauft.<\/li><\/ul>\n\n\n\n<h2 class=\"wp-block-heading\">2. VR Experts<\/h2>\n\n\n\n<p>Du bist ein VR-Experte, h\u00e4lst wom\u00f6glich Vortr\u00e4ge, gibst Schulungen im Bereich VR oder deine Berufung ist es VR weiterzuentwickeln um den Markt voran zu treiben?<\/p>\n\n\n\n<p>Dann bieten wir dir als Partner:<\/p>\n\n\n\n<ul class=\"wp-block-list\"><li>Stetiger Zugang zu allen Beta Features vom mobfish VR STUDIO.<\/li><li>Quartals Austausch &#8211; Wie sieht die Roadmap aus, neue Technologien, Ideen etc.<\/li><li>150\u20ac Cash oder wahlweise 200\u20ac Guthaben f\u00fcr jeden Nutzer, der \u00fcber deinen Referral-Link eine Jahreslizenz kauft.<\/li><\/ul>\n\n\n\n<h2 class=\"wp-block-heading\">3. Reseller<\/h2>\n\n\n\n<p>Du vermarktest VR im gro\u00dfen Stil und k\u00f6nntest dir vorstellen auch unsere L\u00f6sung mit einzubinden? Dann sprich uns gerne pers\u00f6nlich an! Alle Kontaktdaten findest du auf unserer <a href=\"https:\/\/mobfish.net\/de\/kontaktiere-uns\/\">Kontakt Seite<\/a>.<\/p>\n\n\n\n<p>Wir freuen uns \u00fcber jede neue Partnerschaft, sollte hier nicht das passende f\u00fcr dich aufgelistete sein, z\u00f6gere nicht trotzdem mit uns in <a href=\"https:\/\/mobfish.net\/de\/kontaktiere-uns\/\">Kontakt zu treten<\/a>!<\/p>\n","protected":false},"excerpt":{"rendered":"<p>Unsere Vision ist, Software zu entwickeln, die es Menschen erm\u00f6glicht, Teil der digitalen Zukunft zu sein. Lass uns gemeinsam das&#8230;<\/p>\n","protected":false},"author":1,"featured_media":1059,"parent":0,"menu_order":0,"comment_status":"closed","ping_status":"closed","template":"","meta":{"jetpack_post_was_ever_published":false,"footnotes":""},"class_list":["post-1057","page","type-page","status-publish","has-post-thumbnail","hentry"],"yoast_head":"<!-- This site is optimized with the Yoast SEO plugin v22.2 - https:\/\/yoast.com\/wordpress\/plugins\/seo\/ -->\n<title>Unser Virtual Reality Partnerprogramm - mobfish VR STUDIO<\/title>\n<meta name=\"robots\" content=\"index, follow, max-snippet:-1, max-image-preview:large, max-video-preview:-1\" \/>\n<link rel=\"canonical\" href=\"https:\/\/mobfish.net\/de\/partnerprogramm\/\" \/>\n<meta property=\"og:locale\" content=\"de_DE\" \/>\n<meta property=\"og:type\" content=\"article\" \/>\n<meta property=\"og:title\" content=\"Unser Virtual Reality Partnerprogramm - mobfish VR STUDIO\" \/>\n<meta property=\"og:description\" content=\"Unsere Vision ist, Software zu entwickeln, die es Menschen erm\u00f6glicht, Teil der digitalen Zukunft zu sein. Lass uns gemeinsam das...\" \/>\n<meta property=\"og:url\" content=\"https:\/\/mobfish.net\/de\/partnerprogramm\/\" \/>\n<meta property=\"og:site_name\" content=\"mobfish VR STUDIO - Build your own interactive VR App!\" \/>\n<meta property=\"article:modified_time\" content=\"2021-04-27T08:26:44+00:00\" \/>\n<meta property=\"og:image\" content=\"https:\/\/mobfish.net\/wp-content\/uploads\/2019\/03\/achievement-agreement-arms-1068523.jpg\" \/>\n\t<meta property=\"og:image:width\" content=\"1280\" \/>\n\t<meta property=\"og:image:height\" content=\"837\" \/>\n\t<meta property=\"og:image:type\" content=\"image\/jpeg\" \/>\n<meta name=\"twitter:card\" content=\"summary_large_image\" \/>\n<meta name=\"twitter:label1\" content=\"Gesch\u00e4tzte Lesezeit\" \/>\n\t<meta name=\"twitter:data1\" content=\"2\u00a0Minuten\" \/>\n<script type=\"application\/ld+json\" class=\"yoast-schema-graph\">{\"@context\":\"https:\/\/schema.org\",\"@graph\":[{\"@type\":\"WebPage\",\"@id\":\"https:\/\/mobfish.net\/de\/partnerprogramm\/\",\"url\":\"https:\/\/mobfish.net\/de\/partnerprogramm\/\",\"name\":\"Unser Virtual Reality Partnerprogramm - mobfish VR STUDIO\",\"isPartOf\":{\"@id\":\"https:\/\/mobfish.net\/de\/#website\"},\"primaryImageOfPage\":{\"@id\":\"https:\/\/mobfish.net\/de\/partnerprogramm\/#primaryimage\"},\"image\":{\"@id\":\"https:\/\/mobfish.net\/de\/partnerprogramm\/#primaryimage\"},\"thumbnailUrl\":\"https:\/\/mobfish.net\/wp-content\/uploads\/2019\/03\/achievement-agreement-arms-1068523.jpg\",\"datePublished\":\"2019-03-25T13:06:17+00:00\",\"dateModified\":\"2021-04-27T08:26:44+00:00\",\"breadcrumb\":{\"@id\":\"https:\/\/mobfish.net\/de\/partnerprogramm\/#breadcrumb\"},\"inLanguage\":\"de\",\"potentialAction\":[{\"@type\":\"ReadAction\",\"target\":[\"https:\/\/mobfish.net\/de\/partnerprogramm\/\"]}]},{\"@type\":\"ImageObject\",\"inLanguage\":\"de\",\"@id\":\"https:\/\/mobfish.net\/de\/partnerprogramm\/#primaryimage\",\"url\":\"https:\/\/mobfish.net\/wp-content\/uploads\/2019\/03\/achievement-agreement-arms-1068523.jpg\",\"contentUrl\":\"https:\/\/mobfish.net\/wp-content\/uploads\/2019\/03\/achievement-agreement-arms-1068523.jpg\",\"width\":1280,\"height\":837,\"caption\":\"Agreement Partnerschaft\"},{\"@type\":\"BreadcrumbList\",\"@id\":\"https:\/\/mobfish.net\/de\/partnerprogramm\/#breadcrumb\",\"itemListElement\":[{\"@type\":\"ListItem\",\"position\":1,\"name\":\"Home\",\"item\":\"https:\/\/mobfish.net\/de\/\"},{\"@type\":\"ListItem\",\"position\":2,\"name\":\"Unser Virtual Reality Partnerprogramm\"}]},{\"@type\":\"WebSite\",\"@id\":\"https:\/\/mobfish.net\/de\/#website\",\"url\":\"https:\/\/mobfish.net\/de\/\",\"name\":\"mobfish VR STUDIO - Build your own interactive VR App!\",\"description\":\"\",\"potentialAction\":[{\"@type\":\"SearchAction\",\"target\":{\"@type\":\"EntryPoint\",\"urlTemplate\":\"https:\/\/mobfish.net\/de\/?s={search_term_string}\"},\"query-input\":\"required name=search_term_string\"}],\"inLanguage\":\"de\"}]}<\/script>\n<!-- \/ Yoast SEO plugin. -->","yoast_head_json":{"title":"Unser Virtual Reality Partnerprogramm - mobfish VR STUDIO","robots":{"index":"index","follow":"follow","max-snippet":"max-snippet:-1","max-image-preview":"max-image-preview:large","max-video-preview":"max-video-preview:-1"},"canonical":"https:\/\/mobfish.net\/de\/partnerprogramm\/","og_locale":"de_DE","og_type":"article","og_title":"Unser Virtual Reality Partnerprogramm - mobfish VR STUDIO","og_description":"Unsere Vision ist, Software zu entwickeln, die es Menschen erm\u00f6glicht, Teil der digitalen Zukunft zu sein. Lass uns gemeinsam das...","og_url":"https:\/\/mobfish.net\/de\/partnerprogramm\/","og_site_name":"mobfish VR STUDIO - Build your own interactive VR App!","article_modified_time":"2021-04-27T08:26:44+00:00","og_image":[{"width":1280,"height":837,"url":"https:\/\/mobfish.net\/wp-content\/uploads\/2019\/03\/achievement-agreement-arms-1068523.jpg","type":"image\/jpeg"}],"twitter_card":"summary_large_image","twitter_misc":{"Gesch\u00e4tzte Lesezeit":"2\u00a0Minuten"},"schema":{"@context":"https:\/\/schema.org","@graph":[{"@type":"WebPage","@id":"https:\/\/mobfish.net\/de\/partnerprogramm\/","url":"https:\/\/mobfish.net\/de\/partnerprogramm\/","name":"Unser Virtual Reality Partnerprogramm - mobfish VR STUDIO","isPartOf":{"@id":"https:\/\/mobfish.net\/de\/#website"},"primaryImageOfPage":{"@id":"https:\/\/mobfish.net\/de\/partnerprogramm\/#primaryimage"},"image":{"@id":"https:\/\/mobfish.net\/de\/partnerprogramm\/#primaryimage"},"thumbnailUrl":"https:\/\/mobfish.net\/wp-content\/uploads\/2019\/03\/achievement-agreement-arms-1068523.jpg","datePublished":"2019-03-25T13:06:17+00:00","dateModified":"2021-04-27T08:26:44+00:00","breadcrumb":{"@id":"https:\/\/mobfish.net\/de\/partnerprogramm\/#breadcrumb"},"inLanguage":"de","potentialAction":[{"@type":"ReadAction","target":["https:\/\/mobfish.net\/de\/partnerprogramm\/"]}]},{"@type":"ImageObject","inLanguage":"de","@id":"https:\/\/mobfish.net\/de\/partnerprogramm\/#primaryimage","url":"https:\/\/mobfish.net\/wp-content\/uploads\/2019\/03\/achievement-agreement-arms-1068523.jpg","contentUrl":"https:\/\/mobfish.net\/wp-content\/uploads\/2019\/03\/achievement-agreement-arms-1068523.jpg","width":1280,"height":837,"caption":"Agreement Partnerschaft"},{"@type":"BreadcrumbList","@id":"https:\/\/mobfish.net\/de\/partnerprogramm\/#breadcrumb","itemListElement":[{"@type":"ListItem","position":1,"name":"Home","item":"https:\/\/mobfish.net\/de\/"},{"@type":"ListItem","position":2,"name":"Unser Virtual Reality Partnerprogramm"}]},{"@type":"WebSite","@id":"https:\/\/mobfish.net\/de\/#website","url":"https:\/\/mobfish.net\/de\/","name":"mobfish VR STUDIO - Build your own interactive VR App!","description":"","potentialAction":[{"@type":"SearchAction","target":{"@type":"EntryPoint","urlTemplate":"https:\/\/mobfish.net\/de\/?s={search_term_string}"},"query-input":"required name=search_term_string"}],"inLanguage":"de"}]}},"jetpack_sharing_enabled":true,"jetpack_shortlink":"https:\/\/wp.me\/PaPoOe-h3","_links":{"self":[{"href":"https:\/\/mobfish.net\/de\/wp-json\/wp\/v2\/pages\/1057","targetHints":{"allow":["GET"]}}],"collection":[{"href":"https:\/\/mobfish.net\/de\/wp-json\/wp\/v2\/pages"}],"about":[{"href":"https:\/\/mobfish.net\/de\/wp-json\/wp\/v2\/types\/page"}],"author":[{"embeddable":true,"href":"https:\/\/mobfish.net\/de\/wp-json\/wp\/v2\/users\/1"}],"replies":[{"embeddable":true,"href":"https:\/\/mobfish.net\/de\/wp-json\/wp\/v2\/comments?post=1057"}],"version-history":[{"count":14,"href":"https:\/\/mobfish.net\/de\/wp-json\/wp\/v2\/pages\/1057\/revisions"}],"predecessor-version":[{"id":2631,"href":"https:\/\/mobfish.net\/de\/wp-json\/wp\/v2\/pages\/1057\/revisions\/2631"}],"wp:featuredmedia":[{"embeddable":true,"href":"https:\/\/mobfish.net\/de\/wp-json\/wp\/v2\/media\/1059"}],"wp:attachment":[{"href":"https:\/\/mobfish.net\/de\/wp-json\/wp\/v2\/media?parent=1057"}],"curies":[{"name":"wp","href":"https:\/\/api.w.org\/{rel}","templated":true}]}}