{"id":1068,"date":"2019-03-25T14:58:45","date_gmt":"2019-03-25T13:58:45","guid":{"rendered":"http:\/\/mobfish.net\/?page_id=1068"},"modified":"2021-03-25T20:46:10","modified_gmt":"2021-03-25T19:46:10","slug":"hands-on-vr-workshops","status":"publish","type":"page","link":"https:\/\/mobfish.net\/de\/hands-on-vr-workshops\/","title":{"rendered":"Hands On VR Workshops"},"content":{"rendered":"\n<p>Mit unseren Workshops Virtual Reality live erleben. Wir beraten dich! Gemeinsam schauen wir, wie wir VR smart nutzen k\u00f6nnen. Z.B. mit kosteng\u00fcnstigen 360\u00b0 Erlebnissen.<\/p>\n\n\n\n<p class=\"btn primary ml-0\"><a href=\"#workshop-buchen\">JETZT BUCHEN!<\/a><\/p>\n\n\n\n<h2 class=\"has-text-align-left wp-block-heading\">Digitale L\u00f6sungen mit Virtual Reality sind da!<\/h2>\n\n\n\n<p class=\"has-text-align-left\">Du willst neue Wege mit innovativer Technologie gehen? Du suchst noch den Hingucker f\u00fcr dein n\u00e4chstes Event? Oder du findest Virtual Reality spannend, weist nur nicht wie du es in deinem Unternehmen nutzen kannst? Wir entwickeln gemeinsam mit dir Konzepte, die f\u00fcr dein Gesch\u00e4ftsmodell passen.<\/p>\n\n\n\n<p class=\"has-text-align-left\"><a rel=\"noreferrer noopener\" aria-label=\"PDF herunterladen (opens in a new tab)\" href=\"https:\/\/mobfish.net\/wp-content\/uploads\/2019\/03\/VR-Projekte.pdf\" target=\"_blank\">PDF herunterladen<\/a><\/p>\n\n\n\n<figure class=\"wp-block-embed-youtube aligncenter wp-block-embed is-type-video is-provider-youtube wp-embed-aspect-16-9 wp-has-aspect-ratio\"><div class=\"wp-block-embed__wrapper\">\n<span class=\"embed-youtube\" style=\"text-align:center; display: block;\"><iframe loading=\"lazy\" class=\"youtube-player\" width=\"640\" height=\"360\" src=\"https:\/\/www.youtube.com\/embed\/QfGnpZErgTM?version=3&#038;rel=1&#038;showsearch=0&#038;showinfo=1&#038;iv_load_policy=1&#038;fs=1&#038;hl=de-DE&#038;autohide=2&#038;wmode=transparent\" allowfullscreen=\"true\" style=\"border:0;\" sandbox=\"allow-scripts allow-same-origin allow-popups allow-presentation allow-popups-to-escape-sandbox\"><\/iframe><\/span>\n<\/div><\/figure>\n\n\n\n<h2 class=\"wp-block-heading\">Eintauchen. Neues wagen.\u200b<\/h2>\n\n\n\n<p>In unseren Workshops zeigen wir dir die digitale Zukunft &#8211; Tauch ein und \u00fcberzeuge dich selbst. Lass uns gemeinsam \u00fcber das Thema 360\u00b0 und virtuelle Welten im Rahmen deiner Organisation sprechen.<\/p>\n\n\n\n<figure class=\"wp-block-image\"><img loading=\"lazy\" decoding=\"async\" width=\"2636\" height=\"1474\" src=\"https:\/\/mobfish.net\/wp-content\/uploads\/2019\/03\/IMG_0282.jpg\" alt=\"\" class=\"wp-image-1077\" srcset=\"https:\/\/mobfish.net\/wp-content\/uploads\/2019\/03\/IMG_0282.jpg 2636w, https:\/\/mobfish.net\/wp-content\/uploads\/2019\/03\/IMG_0282-300x168.jpg 300w, https:\/\/mobfish.net\/wp-content\/uploads\/2019\/03\/IMG_0282-768x429.jpg 768w, https:\/\/mobfish.net\/wp-content\/uploads\/2019\/03\/IMG_0282-1024x573.jpg 1024w\" sizes=\"auto, (max-width: 2636px) 100vw, 2636px\" \/><\/figure>\n\n\n\n<h2 class=\"wp-block-heading\">STARTER VR &#8211; Ab 360\u20ac in neue Welten eintauchen!<\/h2>\n\n\n\n<p>Das ist das perfekte Starter-Kit f\u00fcr alle, dich sich generell mal mit dem Thema Virtual Reality auseinandersetzten wollen. Das alles ist im Preis enthalten:<\/p>\n\n\n\n<ul class=\"wp-block-list\"><li>Impulsvortrag, VR ausprobieren, Beratung.<\/li><li>90 Minuten Workshop mit bis zu 5 Teilnehmer.<\/li><li>Kostenlose Anfahrt im Raum Braunschweig.<\/li><li>Eine Monatslizenz f\u00fcr das mobfish VR STUDIO. <\/li><\/ul>\n\n\n\n<h2 class=\"wp-block-heading\" id=\"mce_0\">BUSINESS VR &#8211; Ab 3600\u20ac! Der perfekte Einstieg f\u00fcr Unternehmen<\/h2>\n\n\n\n<p>Euer Unternehmen soll nun endlich ein Teil der digitalen Zukunft werden? Dann hat sich dieses Paket in der Vergangenheit bew\u00e4hrt! Unser Team stellt sicher, dass ihr VR-Ready seid! Das alles ist enthalten:<\/p>\n\n\n\n<ul class=\"wp-block-list\"><li>360\u00b0 in 360 Minuten Workshop.<\/li><li>Euer Team wird sofort VR-Startklar!<\/li><li>6 Stunden (360min) Workshop.<\/li><li>Erste 360\u00b0 App direkt im Workshop erstellen.<\/li><li>Bis zu 10 Teilnehmer.<\/li><li>6 Monate mobfish VR STUDIO Lizenz!<\/li><li>Hardware-Grundaustattung: Wir lassen die Hardware gleich da: 360\u00b0 Kamera + Stativ und Videobrille. <\/li><\/ul>\n\n\n\n<h2 class=\"wp-block-heading\">INDIVIDUELLES SPECIAL &#8211; Flexible L\u00f6sungen mit VR!<\/h2>\n\n\n\n<p>Individuelle W\u00fcnsche?<br \/><\/p>\n\n\n\n<p>Wenn ihr \u00fcber Volumenlizenzen, VR-Gesch\u00e4ftsmodelle oder VR-Schulungen im gr\u00f6\u00dferen Umfang nachdenkt, <a href=\"https:\/\/mobfish.net\/de\/kontaktiere-uns\/\">sprecht uns gerne pers\u00f6nlich an<\/a>.<\/p>\n\n\n\n<h2 class=\"wp-block-heading\" id=\"workshop-buchen\">Sicher dir jetzt den VR-Workshop f\u00fcr dein Unternehmen!<\/h2>\n\n\n\n<p>\n<div class=\"wpcf7 no-js\" id=\"wpcf7-f1086-o1\" lang=\"en-US\" dir=\"ltr\">\n<div class=\"screen-reader-response\"><p role=\"status\" aria-live=\"polite\" aria-atomic=\"true\"><\/p> <ul><\/ul><\/div>\n<form action=\"\/de\/wp-json\/wp\/v2\/pages\/1068#wpcf7-f1086-o1\" method=\"post\" class=\"wpcf7-form init\" aria-label=\"Contact form\" novalidate=\"novalidate\" data-status=\"init\">\n<div style=\"display: none;\">\n<input type=\"hidden\" name=\"_wpcf7\" value=\"1086\" \/>\n<input type=\"hidden\" name=\"_wpcf7_version\" value=\"5.9\" \/>\n<input type=\"hidden\" name=\"_wpcf7_locale\" value=\"en_US\" \/>\n<input type=\"hidden\" name=\"_wpcf7_unit_tag\" value=\"wpcf7-f1086-o1\" \/>\n<input type=\"hidden\" name=\"_wpcf7_container_post\" value=\"0\" \/>\n<input type=\"hidden\" name=\"_wpcf7_posted_data_hash\" value=\"\" \/>\n<input type=\"hidden\" name=\"_wpcf7_recaptcha_response\" value=\"\" \/>\n<\/div>\n<span class=\"wpcf7-form-control wpcf7-radio\"><span class=\"wpcf7-list-item first\"><input type=\"radio\" name=\"radio-598\" value=\"VR STARTER: 360\u20ac\" \/><span class=\"wpcf7-list-item-label\">VR STARTER: 360\u20ac<\/span><\/span><span class=\"wpcf7-list-item last\"><input type=\"radio\" name=\"radio-598\" value=\"VR BUSINESS: 3600\u20ac\" checked=\"checked\" \/><span class=\"wpcf7-list-item-label\">VR BUSINESS: 3600\u20ac<\/span><\/span><\/span>\n\n\n<div class=\"field-group width-100\">\n    <input size=\"40\" class=\"wpcf7-form-control wpcf7-text wpcf7-validates-as-required\" aria-required=\"true\" aria-invalid=\"false\" value=\"\" type=\"text\" name=\"workshop-company\" \/>\n    <span class=\"bar\"><\/span>\n    <label>Firma *<\/label>\n<\/div>\n\n\n<div class=\"input-group\">\n    <div class=\"field-group width-50\">\n        <input size=\"40\" class=\"wpcf7-form-control wpcf7-text wpcf7-validates-as-required\" aria-required=\"true\" aria-invalid=\"false\" value=\"\" type=\"text\" name=\"workshop-lastname\" \/>\n        <span class=\"bar\"><\/span>\n        <label>Nachname *<\/label>\n    <\/div>\n    <div class=\"field-group width-50\">\n        <input size=\"40\" class=\"wpcf7-form-control wpcf7-text wpcf7-validates-as-required\" aria-required=\"true\" aria-invalid=\"false\" value=\"\" type=\"text\" name=\"workshop-surename\" \/>\n        <span class=\"bar\"><\/span>\n        <label>Vorname *<\/label>\n    <\/div>\n<\/div>\n\n<div class=\"field-group width-100\">\n    <input size=\"40\" class=\"wpcf7-form-control wpcf7-text wpcf7-validates-as-required\" aria-required=\"true\" aria-invalid=\"false\" value=\"\" type=\"text\" name=\"workshop-address\" \/>\n    <span class=\"bar\"><\/span>\n    <label>Stra\u00dfe, Hausnummer *<\/label>\n<\/div>\n\n<div class=\"input-group\">\n    <div class=\"field-group width-50\">\n        <input size=\"40\" class=\"wpcf7-form-control wpcf7-email wpcf7-validates-as-required wpcf7-text wpcf7-validates-as-email\" aria-required=\"true\" aria-invalid=\"false\" value=\"\" type=\"email\" name=\"workshop-email\" \/>\n        <span class=\"bar\"><\/span>\n        <label>E-Mail *<\/label>\n    <\/div>\n    <div class=\"field-group width-50\">\n        <input size=\"40\" class=\"wpcf7-form-control wpcf7-text wpcf7-validates-as-required\" aria-required=\"true\" aria-invalid=\"false\" value=\"\" type=\"text\" name=\"workshop-phone\" \/>\n        <span class=\"bar\"><\/span>\n        <label>Telefon *<\/label>\n    <\/div>\n<\/div>\n<div class=\"input-group\">\n    <div class=\"field-group width-25\">\n        <input size=\"40\" class=\"wpcf7-form-control wpcf7-text wpcf7-validates-as-required\" aria-required=\"true\" aria-invalid=\"false\" value=\"\" type=\"text\" name=\"workshop-plz\" \/>\n        <span class=\"bar\"><\/span>\n        <label>PLZ *<\/label>\n    <\/div>\n    <div class=\"field-group width-75\">\n        <input size=\"40\" class=\"wpcf7-form-control wpcf7-text wpcf7-validates-as-required\" aria-required=\"true\" aria-invalid=\"false\" value=\"\" type=\"text\" name=\"workshop-city\" \/>\n        <span class=\"bar\"><\/span>\n        <label>Ort *<\/label>\n    <\/div>\n<\/div>\n<div class=\"text-group\">\n    <textarea cols=\"40\" rows=\"10\" class=\"wpcf7-form-control wpcf7-textarea\" aria-invalid=\"false\" name=\"textarea-507\"><\/textarea>\n    <label for=\"textarea\">Nachricht<\/label>\n<\/div>\n<p><\/p>\n<p>\n<span class=\"wpcf7-form-control wpcf7-acceptance\"><span class=\"wpcf7-list-item\"><label><input type=\"checkbox\" name=\"acceptance-406\" value=\"1\" aria-invalid=\"false\" \/><span class=\"wpcf7-list-item-label\">Ja, ich habe die <a href=\"https:\/\/mobfish.net\/de\/datenschutz\/\" target=\"_blank\">Datenschutzerkl\u00e4rung<\/a> zur Kenntnis genommen und erteile die Einwilligung in die Erhebung und Nutzung meiner vorstehend eingegebenen Daten.<\/span><\/label><\/span><\/span>\n<\/p>\n<p>\nNach Buchung wird dich ein Mitarbeiter f\u00fcr die Terminabsprache kontaktieren. Mit der Buchung akzeptierst du unsere <a href=\"https:\/\/mobfish.net\/de\/rechtliches\/\" target=\"_blank\">AGBs<\/a>.\n<\/p>\n<p>\nThis site is protected by reCAPTCHA and the Google\n    <a href=\"https:\/\/policies.google.com\/privacy\">Privacy Policy<\/a> and\n    <a href=\"https:\/\/policies.google.com\/terms\">Terms of Service<\/a> apply.\n<\/p>\n\n<input class=\"wpcf7-form-control wpcf7-submit has-spinner btn primary ml-0\" type=\"submit\" value=\"Jetzt Buchen!\" \/><div class=\"wpcf7-response-output\" aria-hidden=\"true\"><\/div>\n<\/form>\n<\/div>\n<br \/><\/p>\n","protected":false},"excerpt":{"rendered":"<p>Mit unseren Workshops Virtual Reality live erleben. Wir beraten dich! Gemeinsam schauen wir, wie wir VR smart nutzen k\u00f6nnen. Z.B&#8230;.<\/p>\n","protected":false},"author":1,"featured_media":0,"parent":0,"menu_order":0,"comment_status":"closed","ping_status":"closed","template":"","meta":{"jetpack_post_was_ever_published":false,"footnotes":""},"class_list":["post-1068","page","type-page","status-publish","hentry"],"yoast_head":"<!-- This site is optimized with the Yoast SEO plugin v22.2 - https:\/\/yoast.com\/wordpress\/plugins\/seo\/ -->\n<title>Hands On VR Workshops - mobfish VR STUDIO - Build your own interactive VR App!<\/title>\n<meta name=\"robots\" content=\"index, follow, max-snippet:-1, max-image-preview:large, max-video-preview:-1\" \/>\n<link rel=\"canonical\" href=\"https:\/\/mobfish.net\/de\/hands-on-vr-workshops\/\" \/>\n<meta property=\"og:locale\" content=\"de_DE\" \/>\n<meta property=\"og:type\" content=\"article\" \/>\n<meta property=\"og:title\" content=\"Hands On VR Workshops - mobfish VR STUDIO - Build your own interactive VR App!\" \/>\n<meta property=\"og:description\" content=\"Mit unseren Workshops Virtual Reality live erleben. Wir beraten dich! Gemeinsam schauen wir, wie wir VR smart nutzen k\u00f6nnen. Z.B....\" \/>\n<meta property=\"og:url\" content=\"https:\/\/mobfish.net\/de\/hands-on-vr-workshops\/\" \/>\n<meta property=\"og:site_name\" content=\"mobfish VR STUDIO - Build your own interactive VR App!\" \/>\n<meta property=\"article:modified_time\" content=\"2021-03-25T19:46:10+00:00\" \/>\n<meta property=\"og:image\" content=\"https:\/\/mobfish.net\/wp-content\/uploads\/2019\/03\/IMG_0282.jpg\" \/>\n<meta name=\"twitter:card\" content=\"summary_large_image\" \/>\n<meta name=\"twitter:label1\" content=\"Gesch\u00e4tzte Lesezeit\" \/>\n\t<meta name=\"twitter:data1\" content=\"2\u00a0Minuten\" \/>\n<script type=\"application\/ld+json\" class=\"yoast-schema-graph\">{\"@context\":\"https:\/\/schema.org\",\"@graph\":[{\"@type\":\"WebPage\",\"@id\":\"https:\/\/mobfish.net\/de\/hands-on-vr-workshops\/\",\"url\":\"https:\/\/mobfish.net\/de\/hands-on-vr-workshops\/\",\"name\":\"Hands On VR Workshops - mobfish VR STUDIO - Build your own interactive VR App!\",\"isPartOf\":{\"@id\":\"https:\/\/mobfish.net\/de\/#website\"},\"primaryImageOfPage\":{\"@id\":\"https:\/\/mobfish.net\/de\/hands-on-vr-workshops\/#primaryimage\"},\"image\":{\"@id\":\"https:\/\/mobfish.net\/de\/hands-on-vr-workshops\/#primaryimage\"},\"thumbnailUrl\":\"https:\/\/mobfish.net\/wp-content\/uploads\/2019\/03\/IMG_0282.jpg\",\"datePublished\":\"2019-03-25T13:58:45+00:00\",\"dateModified\":\"2021-03-25T19:46:10+00:00\",\"breadcrumb\":{\"@id\":\"https:\/\/mobfish.net\/de\/hands-on-vr-workshops\/#breadcrumb\"},\"inLanguage\":\"de\",\"potentialAction\":[{\"@type\":\"ReadAction\",\"target\":[\"https:\/\/mobfish.net\/de\/hands-on-vr-workshops\/\"]}]},{\"@type\":\"ImageObject\",\"inLanguage\":\"de\",\"@id\":\"https:\/\/mobfish.net\/de\/hands-on-vr-workshops\/#primaryimage\",\"url\":\"https:\/\/mobfish.net\/wp-content\/uploads\/2019\/03\/IMG_0282.jpg\",\"contentUrl\":\"https:\/\/mobfish.net\/wp-content\/uploads\/2019\/03\/IMG_0282.jpg\",\"width\":2636,\"height\":1474},{\"@type\":\"BreadcrumbList\",\"@id\":\"https:\/\/mobfish.net\/de\/hands-on-vr-workshops\/#breadcrumb\",\"itemListElement\":[{\"@type\":\"ListItem\",\"position\":1,\"name\":\"Home\",\"item\":\"https:\/\/mobfish.net\/de\/\"},{\"@type\":\"ListItem\",\"position\":2,\"name\":\"Hands On VR Workshops\"}]},{\"@type\":\"WebSite\",\"@id\":\"https:\/\/mobfish.net\/de\/#website\",\"url\":\"https:\/\/mobfish.net\/de\/\",\"name\":\"mobfish VR STUDIO - Build your own interactive VR App!\",\"description\":\"\",\"potentialAction\":[{\"@type\":\"SearchAction\",\"target\":{\"@type\":\"EntryPoint\",\"urlTemplate\":\"https:\/\/mobfish.net\/de\/?s={search_term_string}\"},\"query-input\":\"required name=search_term_string\"}],\"inLanguage\":\"de\"}]}<\/script>\n<!-- \/ Yoast SEO plugin. -->","yoast_head_json":{"title":"Hands On VR Workshops - mobfish VR STUDIO - Build your own interactive VR App!","robots":{"index":"index","follow":"follow","max-snippet":"max-snippet:-1","max-image-preview":"max-image-preview:large","max-video-preview":"max-video-preview:-1"},"canonical":"https:\/\/mobfish.net\/de\/hands-on-vr-workshops\/","og_locale":"de_DE","og_type":"article","og_title":"Hands On VR Workshops - mobfish VR STUDIO - Build your own interactive VR App!","og_description":"Mit unseren Workshops Virtual Reality live erleben. Wir beraten dich! Gemeinsam schauen wir, wie wir VR smart nutzen k\u00f6nnen. Z.B....","og_url":"https:\/\/mobfish.net\/de\/hands-on-vr-workshops\/","og_site_name":"mobfish VR STUDIO - Build your own interactive VR App!","article_modified_time":"2021-03-25T19:46:10+00:00","og_image":[{"url":"https:\/\/mobfish.net\/wp-content\/uploads\/2019\/03\/IMG_0282.jpg"}],"twitter_card":"summary_large_image","twitter_misc":{"Gesch\u00e4tzte Lesezeit":"2\u00a0Minuten"},"schema":{"@context":"https:\/\/schema.org","@graph":[{"@type":"WebPage","@id":"https:\/\/mobfish.net\/de\/hands-on-vr-workshops\/","url":"https:\/\/mobfish.net\/de\/hands-on-vr-workshops\/","name":"Hands On VR Workshops - mobfish VR STUDIO - Build your own interactive VR App!","isPartOf":{"@id":"https:\/\/mobfish.net\/de\/#website"},"primaryImageOfPage":{"@id":"https:\/\/mobfish.net\/de\/hands-on-vr-workshops\/#primaryimage"},"image":{"@id":"https:\/\/mobfish.net\/de\/hands-on-vr-workshops\/#primaryimage"},"thumbnailUrl":"https:\/\/mobfish.net\/wp-content\/uploads\/2019\/03\/IMG_0282.jpg","datePublished":"2019-03-25T13:58:45+00:00","dateModified":"2021-03-25T19:46:10+00:00","breadcrumb":{"@id":"https:\/\/mobfish.net\/de\/hands-on-vr-workshops\/#breadcrumb"},"inLanguage":"de","potentialAction":[{"@type":"ReadAction","target":["https:\/\/mobfish.net\/de\/hands-on-vr-workshops\/"]}]},{"@type":"ImageObject","inLanguage":"de","@id":"https:\/\/mobfish.net\/de\/hands-on-vr-workshops\/#primaryimage","url":"https:\/\/mobfish.net\/wp-content\/uploads\/2019\/03\/IMG_0282.jpg","contentUrl":"https:\/\/mobfish.net\/wp-content\/uploads\/2019\/03\/IMG_0282.jpg","width":2636,"height":1474},{"@type":"BreadcrumbList","@id":"https:\/\/mobfish.net\/de\/hands-on-vr-workshops\/#breadcrumb","itemListElement":[{"@type":"ListItem","position":1,"name":"Home","item":"https:\/\/mobfish.net\/de\/"},{"@type":"ListItem","position":2,"name":"Hands On VR Workshops"}]},{"@type":"WebSite","@id":"https:\/\/mobfish.net\/de\/#website","url":"https:\/\/mobfish.net\/de\/","name":"mobfish VR STUDIO - Build your own interactive VR App!","description":"","potentialAction":[{"@type":"SearchAction","target":{"@type":"EntryPoint","urlTemplate":"https:\/\/mobfish.net\/de\/?s={search_term_string}"},"query-input":"required name=search_term_string"}],"inLanguage":"de"}]}},"jetpack_sharing_enabled":true,"jetpack_shortlink":"https:\/\/wp.me\/PaPoOe-he","_links":{"self":[{"href":"https:\/\/mobfish.net\/de\/wp-json\/wp\/v2\/pages\/1068","targetHints":{"allow":["GET"]}}],"collection":[{"href":"https:\/\/mobfish.net\/de\/wp-json\/wp\/v2\/pages"}],"about":[{"href":"https:\/\/mobfish.net\/de\/wp-json\/wp\/v2\/types\/page"}],"author":[{"embeddable":true,"href":"https:\/\/mobfish.net\/de\/wp-json\/wp\/v2\/users\/1"}],"replies":[{"embeddable":true,"href":"https:\/\/mobfish.net\/de\/wp-json\/wp\/v2\/comments?post=1068"}],"version-history":[{"count":15,"href":"https:\/\/mobfish.net\/de\/wp-json\/wp\/v2\/pages\/1068\/revisions"}],"predecessor-version":[{"id":2595,"href":"https:\/\/mobfish.net\/de\/wp-json\/wp\/v2\/pages\/1068\/revisions\/2595"}],"wp:attachment":[{"href":"https:\/\/mobfish.net\/de\/wp-json\/wp\/v2\/media?parent=1068"}],"curies":[{"name":"wp","href":"https:\/\/api.w.org\/{rel}","templated":true}]}}