{"id":170,"date":"2019-01-30T11:14:19","date_gmt":"2019-01-30T11:14:19","guid":{"rendered":"http:\/\/mobfish.net\/?page_id=170"},"modified":"2024-03-05T12:58:38","modified_gmt":"2024-03-05T11:58:38","slug":"vr-software","status":"publish","type":"page","link":"https:\/\/mobfish.net\/de\/","title":{"rendered":"mobfish VR STUDIO \u2013 Begeistere Kunden, Zuschauer und Kollegen mit selbst erstellten, virtuellen Anwendungen"},"content":{"rendered":"\n<h2 class=\"wp-block-heading has-text-align-center content-block width-70 mobile-100\">Erstelle interaktive VR\/360\u00b0 Apps ohne Programmierung<\/h2>\n\n\n\n<figure class=\"wp-block-embed aligncenter is-type-video is-provider-youtube wp-block-embed-youtube wp-embed-aspect-16-9 wp-has-aspect-ratio\"><div class=\"wp-block-embed__wrapper\">\n<span class=\"embed-youtube\" style=\"text-align:center; display: block;\"><iframe loading=\"lazy\" class=\"youtube-player\" width=\"640\" height=\"360\" src=\"https:\/\/www.youtube.com\/embed\/nDVj7kZdyZw?version=3&#038;rel=1&#038;showsearch=0&#038;showinfo=1&#038;iv_load_policy=1&#038;fs=1&#038;hl=de-DE&#038;autohide=2&#038;wmode=transparent\" allowfullscreen=\"true\" style=\"border:0;\" sandbox=\"allow-scripts allow-same-origin allow-popups allow-presentation allow-popups-to-escape-sandbox\"><\/iframe><\/span>\n<\/div><\/figure>\n\n\n\n<p class=\"has-text-align-center content-block width-70 mobile-100\">Aufw\u00e4ndige Produktionen und Entwicklungen eignen sich nur f\u00fcr die Wenigsten! Mit unserer L\u00f6sung erstellst Du mit einer verschwindend geringen Einarbeitungszeit deine eigenen VR Erlebnisse in wenigen Schritten. <\/p>\n\n\n\n<p class=\"has-text-align-center content-block width-70 mobile-100\">Und so funktioniert&#8217;s:<\/p>\n\n\n\n<div class=\"wp-block-columns has-3-columns infographic is-layout-flex wp-container-core-columns-is-layout-9d6595d7 wp-block-columns-is-layout-flex\">\n<div class=\"wp-block-column is-layout-flow wp-block-column-is-layout-flow\">\n<figure class=\"wp-block-image infographic\"><img loading=\"lazy\" decoding=\"async\" width=\"250\" height=\"250\" src=\"https:\/\/mobfish.net\/wp-content\/uploads\/2019\/02\/infografik1.png\" alt=\"Icon mit einer 360 Grad Kamera\" class=\"wp-image-615\" srcset=\"https:\/\/mobfish.net\/wp-content\/uploads\/2019\/02\/infografik1.png 250w, https:\/\/mobfish.net\/wp-content\/uploads\/2019\/02\/infografik1-150x150.png 150w\" sizes=\"auto, (max-width: 250px) 100vw, 250px\" \/><\/figure>\n<\/div>\n\n\n\n<div class=\"wp-block-column is-layout-flow wp-block-column-is-layout-flow\">\n<figure class=\"wp-block-image\"><img loading=\"lazy\" decoding=\"async\" width=\"250\" height=\"250\" src=\"https:\/\/mobfish.net\/wp-content\/uploads\/2019\/02\/infografik2.png\" alt=\"Icon mit einem Monitor\" class=\"wp-image-613\" srcset=\"https:\/\/mobfish.net\/wp-content\/uploads\/2019\/02\/infografik2.png 250w, https:\/\/mobfish.net\/wp-content\/uploads\/2019\/02\/infografik2-150x150.png 150w\" sizes=\"auto, (max-width: 250px) 100vw, 250px\" \/><\/figure>\n<\/div>\n\n\n\n<div class=\"wp-block-column is-layout-flow wp-block-column-is-layout-flow\">\n<figure class=\"wp-block-image\"><img loading=\"lazy\" decoding=\"async\" width=\"250\" height=\"250\" src=\"https:\/\/mobfish.net\/wp-content\/uploads\/2019\/02\/infografik3.png\" alt=\"Icon mit einer Rakete\" class=\"wp-image-611\" srcset=\"https:\/\/mobfish.net\/wp-content\/uploads\/2019\/02\/infografik3.png 250w, https:\/\/mobfish.net\/wp-content\/uploads\/2019\/02\/infografik3-150x150.png 150w\" sizes=\"auto, (max-width: 250px) 100vw, 250px\" \/><\/figure>\n<\/div>\n<\/div>\n\n\n\n<div class=\"wp-block-columns has-3-columns is-layout-flex wp-container-core-columns-is-layout-9d6595d7 wp-block-columns-is-layout-flex\">\n<div class=\"wp-block-column is-layout-flow wp-block-column-is-layout-flow\">\n<h3 class=\"wp-block-heading has-text-align-center\">1. Erstellen<\/h3>\n\n\n\n<p class=\"has-text-align-center\">Erstelle eigene VR Inhalte mit einer 360\u00b0 Kamera deiner Wahl. Egal ob mit eigenen 360\u00b0 Fotos, Videos oder zugekaufte Medien. Dein mobfish VR STUDIO unterst\u00fctzt alle g\u00e4ngigen Medienformate.<\/p>\n<\/div>\n\n\n\n<div class=\"wp-block-column is-layout-flow wp-block-column-is-layout-flow\">\n<h3 class=\"wp-block-heading has-text-align-center\">2. Bearbeiten<\/h3>\n\n\n\n<p class=\"has-text-align-center\">Aus deinen eingef\u00fcgten 360\u00b0- und VR-Inhalten wird ein interaktives Erlebnis, das begeistert! Hierf\u00fcr h\u00e4lt unser webbasiertes Tool intuitiv nutzbare Funktionen und Features f\u00fcr dich bereit!<\/p>\n<\/div>\n\n\n\n<div class=\"wp-block-column is-layout-flow wp-block-column-is-layout-flow\">\n<h3 class=\"wp-block-heading has-text-align-center\">3. Ver\u00f6ffentlichen<\/h3>\n\n\n\n<p class=\"has-text-align-center\">Vergr\u00f6\u00dfere deine Reichweite und bringe die Anwendung an den Nutzer. Vom Webbrowser, \u00fcber Apps f\u00fcr Smartphones, Tablets, Desktop bis hin zur Anwendung auf Virtual Reality Brillen. Nat\u00fcrlich mit deinem Brand!<\/p>\n<\/div>\n<\/div>\n\n\n\n<div style=\"height:140px\" aria-hidden=\"true\" class=\"wp-block-spacer\"><\/div>\n\n\n\n<div class=\"wp-block-media-text alignwide has-media-on-the-right is-stacked-on-mobile\"><div class=\"wp-block-media-text__content\">\n<h2 class=\"wp-block-heading\"><strong>Kreiere ein VR Erlebnis, statt statischen Inhalt<\/strong><\/h2>\n\n\n\n<p>Erschaffe v\u00f6llig neue Erfahrungen, bei denen die Nutzer proaktiv deine Inhalte erleben. Lege mit wenigen Klicks interaktive Elemente an und lasse den Nutzer in deinen Content eintauchen.  <\/p>\n\n\n\n<p class=\"btn primary ml-0\"><a href=\"https:\/\/mobfish.net\/de\/features\/hotspots\/\">\u00dcbersicht interaktive VR Elemente<\/a><\/p>\n<\/div><figure class=\"wp-block-media-text__media\"><img loading=\"lazy\" decoding=\"async\" width=\"946\" height=\"570\" src=\"https:\/\/mobfish.net\/wp-content\/uploads\/2019\/02\/proaktiv-hand.png\" alt=\"\" class=\"wp-image-511 size-full\" srcset=\"https:\/\/mobfish.net\/wp-content\/uploads\/2019\/02\/proaktiv-hand.png 946w, https:\/\/mobfish.net\/wp-content\/uploads\/2019\/02\/proaktiv-hand-300x181.png 300w, https:\/\/mobfish.net\/wp-content\/uploads\/2019\/02\/proaktiv-hand-768x463.png 768w\" sizes=\"auto, (max-width: 946px) 100vw, 946px\" \/><\/figure><\/div>\n\n\n\n<div style=\"height:140px\" aria-hidden=\"true\" class=\"wp-block-spacer\"><\/div>\n\n\n\n<div class=\"wp-block-media-text alignwide is-stacked-on-mobile\"><figure class=\"wp-block-media-text__media\"><img loading=\"lazy\" decoding=\"async\" width=\"570\" height=\"485\" src=\"https:\/\/mobfish.net\/wp-content\/uploads\/2019\/02\/hand2.png\" alt=\"Virtual Reality Features\" class=\"wp-image-406 size-full\" srcset=\"https:\/\/mobfish.net\/wp-content\/uploads\/2019\/02\/hand2.png 570w, https:\/\/mobfish.net\/wp-content\/uploads\/2019\/02\/hand2-300x255.png 300w\" sizes=\"auto, (max-width: 570px) 100vw, 570px\" \/><\/figure><div class=\"wp-block-media-text__content\">\n<h2 class=\"wp-block-heading\">Viele Features erleichtern die Arbeit!<\/h2>\n\n\n\n<p>Sorg dich nicht um technische Dinge wie Cloudtranscoding, Datenhaltung oder Backups \u2013 das erledigt das mobfish VR STUDIO f\u00fcr dich. Konzentriere dich voll und ganz auf das Erstellen von tollen Virtual Reality Szenen!<\/p>\n\n\n\n<p class=\"btn primary ml-0\"><a href=\"https:\/\/mobfish.net\/de\/features\/\">Mehr \u00fcber Features<\/a><\/p>\n<\/div><\/div>\n\n\n\n<div style=\"height:140px\" aria-hidden=\"true\" class=\"wp-block-spacer\"><\/div>\n\n\n\n<h2 class=\"wp-block-heading has-text-align-center\">mobfish VR STUDIO unterst\u00fctzt sie alle!<\/h2>\n\n\n\n<p class=\"has-text-align-center\">Die VR Erfahrung einmal bauen und zu allen relevanten Plattformen und Ger\u00e4ten exportieren.<\/p>\n\n\n\n<style>\n.wp-block-image .alignleft {\nmargin: 0 !important;\n}\n.platform-image figure {\n width: 14.28571428%;\n}\n\n@media only screen and (max-width: 992px) {\n  .platform-image figure {\n    width: 20%;\n  }\n}\n\n@media only screen and (max-width: 680px) {\n  .platform-image figure {\n    width: 33.333%;\n  }\n}\n\n@media only screen and (max-width: 440px) {\n  .platform-image figure {\n    width: 50%;\n  }\n}\n\n.platform-image figure img {\nwidth: 100%;\nheight: auto;\n}\n<\/style>\n\n\n<div class=\"wp-block-image is-resized platform-image\">\n<figure class=\"alignleft\"><img loading=\"lazy\" decoding=\"async\" width=\"300\" height=\"201\" src=\"https:\/\/mobfish.net\/wp-content\/uploads\/2019\/10\/Andriod-Smartphone-_-Cardboard.png\" alt=\"Android \/ Cardboard\" class=\"wp-image-2098\" style=\"width:121px;height:auto\"\/><figcaption class=\"wp-element-caption\">Android\/Cardboard<\/figcaption><\/figure>\n<\/div>\n\n<div class=\"wp-block-image is-resized platform-image\">\n<figure class=\"alignleft\"><img loading=\"lazy\" decoding=\"async\" width=\"300\" height=\"201\" src=\"https:\/\/mobfish.net\/wp-content\/uploads\/2019\/02\/iOS.png\" alt=\"iOS \/ Cardboard Bild\" class=\"wp-image-2100\" style=\"width:121px;height:auto\"\/><figcaption class=\"wp-element-caption\">iOS\/Cardboard<\/figcaption><\/figure>\n<\/div>\n\n<div class=\"wp-block-image is-resized platform-image\">\n<figure class=\"alignleft\"><img loading=\"lazy\" decoding=\"async\" width=\"300\" height=\"201\" src=\"https:\/\/mobfish.net\/wp-content\/uploads\/2019\/02\/Pico.png\" alt=\"Pico G2 VR-Brille\" class=\"wp-image-2105\" style=\"width:119px;height:auto\"\/><figcaption class=\"wp-element-caption\">Pico G2\/Pro<\/figcaption><\/figure>\n<\/div>\n\n<div class=\"wp-block-image is-resized platform-image\">\n<figure class=\"alignleft size-large\"><img loading=\"lazy\" decoding=\"async\" width=\"300\" height=\"201\" src=\"https:\/\/mobfish.net\/wp-content\/uploads\/2024\/01\/pico-neo-2.png\" alt=\"\" class=\"wp-image-2740\" style=\"width:118px;height:auto\"\/><figcaption class=\"wp-element-caption\">Pico Neo 2<\/figcaption><\/figure>\n<\/div>\n\n<div class=\"wp-block-image is-resized platform-image\">\n<figure class=\"alignleft size-large\"><img loading=\"lazy\" decoding=\"async\" width=\"300\" height=\"201\" src=\"https:\/\/mobfish.net\/wp-content\/uploads\/2022\/03\/Pico-Neo-3.png\" alt=\"\" class=\"wp-image-2686\" style=\"width:122px;height:auto\"\/><figcaption class=\"wp-element-caption\">Pico Neo 3<\/figcaption><\/figure>\n<\/div>\n\n<div class=\"wp-block-image platform-image\">\n<figure class=\"alignleft size-large is-resized\"><img loading=\"lazy\" decoding=\"async\" width=\"998\" height=\"792\" src=\"https:\/\/mobfish.net\/wp-content\/uploads\/2024\/01\/Pico4-1.png\" alt=\"\" class=\"wp-image-2744\" style=\"aspect-ratio:1.2903225806451613;width:97px;height:auto\" srcset=\"https:\/\/mobfish.net\/wp-content\/uploads\/2024\/01\/Pico4-1.png 998w, https:\/\/mobfish.net\/wp-content\/uploads\/2024\/01\/Pico4-1-300x238.png 300w, https:\/\/mobfish.net\/wp-content\/uploads\/2024\/01\/Pico4-1-768x609.png 768w\" sizes=\"auto, (max-width: 998px) 100vw, 998px\" \/><figcaption class=\"wp-element-caption\">Pico 4<\/figcaption><\/figure>\n<\/div>\n\n<div class=\"wp-block-image is-resized platform-image\">\n<figure class=\"alignleft\"><img loading=\"lazy\" decoding=\"async\" width=\"300\" height=\"201\" src=\"https:\/\/mobfish.net\/wp-content\/uploads\/2019\/02\/Samsung-Gear-VR.png\" alt=\"Samsung Gear VR\" class=\"wp-image-2102\" style=\"width:111px;height:auto\"\/><figcaption class=\"wp-element-caption\">Samsung Gear VR<\/figcaption><\/figure>\n<\/div>\n\n<div class=\"wp-block-image is-resized platform-image\">\n<figure class=\"alignleft\"><img loading=\"lazy\" decoding=\"async\" width=\"300\" height=\"201\" src=\"https:\/\/mobfish.net\/wp-content\/uploads\/2019\/02\/Oculus-Go.png\" alt=\"Oculus Go VR-Brille\" class=\"wp-image-2109\" style=\"width:110px;height:auto\"\/><figcaption class=\"wp-element-caption\">Oculus Go<\/figcaption><\/figure>\n<\/div>\n\n<div class=\"wp-block-image is-resized platform-image\">\n<figure class=\"alignleft\"><img loading=\"lazy\" decoding=\"async\" width=\"300\" height=\"201\" src=\"https:\/\/mobfish.net\/wp-content\/uploads\/2019\/02\/Oculus-Quest.png\" alt=\"Oculus Quest VR-Brille\" class=\"wp-image-2107\" style=\"width:108px;height:auto\"\/><figcaption class=\"wp-element-caption\">Meta Quest<\/figcaption><\/figure>\n<\/div>\n\n<div class=\"wp-block-image is-resized platform-image\">\n<figure class=\"alignleft size-large\"><img loading=\"lazy\" decoding=\"async\" width=\"300\" height=\"201\" src=\"https:\/\/mobfish.net\/wp-content\/uploads\/2022\/03\/Oculus-Quest-2-1.png\" alt=\"\" class=\"wp-image-2692\" style=\"width:108px;height:auto\"\/><figcaption class=\"wp-element-caption\">Meta Quest 2<\/figcaption><\/figure>\n<\/div>\n\n<div class=\"wp-block-image platform-image\">\n<figure class=\"alignleft size-large is-resized\"><img loading=\"lazy\" decoding=\"async\" width=\"998\" height=\"792\" src=\"https:\/\/mobfish.net\/wp-content\/uploads\/2024\/01\/metaquest3.png\" alt=\"\" class=\"wp-image-2756\" style=\"aspect-ratio:1.2603978300180831;width:98px;height:auto\" srcset=\"https:\/\/mobfish.net\/wp-content\/uploads\/2024\/01\/metaquest3.png 998w, https:\/\/mobfish.net\/wp-content\/uploads\/2024\/01\/metaquest3-300x238.png 300w, https:\/\/mobfish.net\/wp-content\/uploads\/2024\/01\/metaquest3-768x609.png 768w\" sizes=\"auto, (max-width: 998px) 100vw, 998px\" \/><figcaption class=\"wp-element-caption\">Meta Quest 3(beta)<\/figcaption><\/figure>\n<\/div>\n\n<div class=\"wp-block-image is-resized platform-image\">\n<figure class=\"alignleft\"><img loading=\"lazy\" decoding=\"async\" width=\"300\" height=\"201\" src=\"https:\/\/mobfish.net\/wp-content\/uploads\/2019\/02\/HTC-Vive-Cosmos.png\" alt=\"HTC Vive Cosmos VR-Brille\" class=\"wp-image-2113\" style=\"width:104px;height:auto\"\/><figcaption class=\"wp-element-caption\">HTC Vive Cosmos<\/figcaption><\/figure>\n<\/div>\n\n<div class=\"wp-block-image is-resized platform-image\">\n<figure class=\"alignleft\"><img loading=\"lazy\" decoding=\"async\" width=\"300\" height=\"201\" src=\"https:\/\/mobfish.net\/wp-content\/uploads\/2019\/02\/HTC-Vive-Pro.png\" alt=\"HTC Vive Pro VR-Brille\" class=\"wp-image-2115\" style=\"width:100px;height:auto\"\/><figcaption class=\"wp-element-caption\">HTC Vive Pro<\/figcaption><\/figure>\n<\/div>\n\n<div class=\"wp-block-image is-resized platform-image\">\n<figure class=\"alignleft\"><img loading=\"lazy\" decoding=\"async\" width=\"300\" height=\"201\" src=\"https:\/\/mobfish.net\/wp-content\/uploads\/2019\/02\/HTC-Vive-Focus.png\" alt=\"HTC Vive Focus VR-Brille\" class=\"wp-image-2111\" style=\"width:102px;height:auto\"\/><figcaption class=\"wp-element-caption\">HTC Vive Focus<\/figcaption><\/figure>\n<\/div>\n\n<div class=\"wp-block-image is-resized platform-image\">\n<figure class=\"alignleft\"><img loading=\"lazy\" decoding=\"async\" width=\"300\" height=\"201\" src=\"https:\/\/mobfish.net\/wp-content\/uploads\/2019\/02\/HTC-Vive.png\" alt=\"HTC Vive VR-Brille\" class=\"wp-image-2117\" style=\"width:105px;height:auto\"\/><figcaption class=\"wp-element-caption\">HTC Vive<\/figcaption><\/figure>\n<\/div>\n\n<div class=\"wp-block-image is-resized platform-image\">\n<figure class=\"alignleft\"><img loading=\"lazy\" decoding=\"async\" width=\"300\" height=\"201\" src=\"https:\/\/mobfish.net\/wp-content\/uploads\/2019\/02\/Oculus-Rift.png\" alt=\"Oculus Rift VR-Brille\" class=\"wp-image-2121\" style=\"width:107px;height:auto\"\/><figcaption class=\"wp-element-caption\">Oculus Rift<\/figcaption><\/figure>\n<\/div>\n\n<div class=\"wp-block-image platform-image\">\n<figure class=\"alignleft is-resized\"><img loading=\"lazy\" decoding=\"async\" width=\"300\" height=\"201\" src=\"https:\/\/mobfish.net\/wp-content\/uploads\/2019\/02\/Oculus-Rift-S.png\" alt=\"Oculus Rift S VR-Brille\" class=\"wp-image-2119\" style=\"aspect-ratio:1.5;width:108px;height:auto\"\/><figcaption class=\"wp-element-caption\">Oculus Rift S<\/figcaption><\/figure>\n<\/div>\n\n<div class=\"wp-block-image is-resized platform-image\">\n<figure class=\"alignleft\"><img loading=\"lazy\" decoding=\"async\" width=\"300\" height=\"201\" src=\"https:\/\/mobfish.net\/wp-content\/uploads\/2019\/02\/Windows-MIxed-Reality.png\" alt=\"Windows Mixed Reality VR-Brille\" class=\"wp-image-2123\" style=\"width:114px;height:auto\"\/><figcaption class=\"wp-element-caption\">Windows Mixed Reality<\/figcaption><\/figure>\n<\/div>\n\n<div class=\"wp-block-image is-resized platform-image\">\n<figure class=\"alignleft\"><img loading=\"lazy\" decoding=\"async\" width=\"300\" height=\"201\" src=\"https:\/\/mobfish.net\/wp-content\/uploads\/2019\/02\/Mac-OSX.png\" alt=\"Mac Laptop\" class=\"wp-image-2127\" style=\"width:114px;height:auto\"\/><figcaption class=\"wp-element-caption\">Mac<\/figcaption><\/figure>\n<\/div>\n\n<div class=\"wp-block-image is-resized platform-image\">\n<figure class=\"alignleft\"><img loading=\"lazy\" decoding=\"async\" width=\"300\" height=\"201\" src=\"https:\/\/mobfish.net\/wp-content\/uploads\/2019\/02\/Windows-PC.png\" alt=\"Windows Laptop\" class=\"wp-image-2125\" style=\"width:112px;height:auto\"\/><figcaption class=\"wp-element-caption\">Windows PC<\/figcaption><\/figure>\n<\/div>\n\n\n<div class=\"clear\"><\/div>\n\n\n\n<p><\/p>\n","protected":false},"excerpt":{"rendered":"<p>Erstelle interaktive VR\/360\u00b0 Apps ohne Programmierung Aufw\u00e4ndige Produktionen und Entwicklungen eignen sich nur f\u00fcr die Wenigsten! Mit unserer L\u00f6sung erstellst&#8230;<\/p>\n","protected":false},"author":1,"featured_media":2187,"parent":0,"menu_order":0,"comment_status":"closed","ping_status":"closed","template":"","meta":{"jetpack_post_was_ever_published":false,"footnotes":""},"class_list":["post-170","page","type-page","status-publish","has-post-thumbnail","hentry"],"yoast_head":"<!-- This site is optimized with the Yoast SEO plugin v22.2 - https:\/\/yoast.com\/wordpress\/plugins\/seo\/ -->\n<title>mobfish VR STUDIO \u2013 Begeistere Kunden, Zuschauer und Kollegen mit selbst erstellten, virtuellen Anwendungen<\/title>\n<meta name=\"description\" content=\"Erstellen. Bearbeiten. Ver\u00f6ffentlichen. \u279c Mach deine Informationen mit der VR Software mobfish VR STUDIO erlebbar. \u2714 Erreiche Menschen auf eine besondere Art.\" \/>\n<meta name=\"robots\" content=\"index, follow, max-snippet:-1, max-image-preview:large, max-video-preview:-1\" \/>\n<link rel=\"canonical\" href=\"https:\/\/mobfish.net\/de\/\" \/>\n<meta property=\"og:locale\" content=\"de_DE\" \/>\n<meta property=\"og:type\" content=\"article\" \/>\n<meta property=\"og:title\" content=\"mobfish VR STUDIO \u2013 Begeistere Kunden, Zuschauer und Kollegen mit selbst erstellten, virtuellen Anwendungen\" \/>\n<meta property=\"og:description\" content=\"Erstellen. Bearbeiten. Ver\u00f6ffentlichen. \u279c Mach deine Informationen mit der VR Software mobfish VR STUDIO erlebbar. \u2714 Erreiche Menschen auf eine besondere Art.\" \/>\n<meta property=\"og:url\" content=\"https:\/\/mobfish.net\/de\/\" \/>\n<meta property=\"og:site_name\" content=\"mobfish VR STUDIO - Build your own interactive VR App!\" \/>\n<meta property=\"article:modified_time\" content=\"2024-03-05T11:58:38+00:00\" \/>\n<meta property=\"og:image\" content=\"https:\/\/mobfish.net\/wp-content\/uploads\/2019\/11\/header4-2560px.jpg\" \/>\n\t<meta property=\"og:image:width\" content=\"2560\" \/>\n\t<meta property=\"og:image:height\" content=\"1152\" \/>\n\t<meta property=\"og:image:type\" content=\"image\/jpeg\" \/>\n<meta name=\"twitter:card\" content=\"summary_large_image\" \/>\n<meta name=\"twitter:label1\" content=\"Gesch\u00e4tzte Lesezeit\" \/>\n\t<meta name=\"twitter:data1\" content=\"1\u00a0Minute\" \/>\n<script type=\"application\/ld+json\" class=\"yoast-schema-graph\">{\"@context\":\"https:\/\/schema.org\",\"@graph\":[{\"@type\":\"WebPage\",\"@id\":\"https:\/\/mobfish.net\/de\/\",\"url\":\"https:\/\/mobfish.net\/de\/\",\"name\":\"mobfish VR STUDIO \u2013 Begeistere Kunden, Zuschauer und Kollegen mit selbst erstellten, virtuellen Anwendungen\",\"isPartOf\":{\"@id\":\"https:\/\/mobfish.net\/de\/#website\"},\"primaryImageOfPage\":{\"@id\":\"https:\/\/mobfish.net\/de\/#primaryimage\"},\"image\":{\"@id\":\"https:\/\/mobfish.net\/de\/#primaryimage\"},\"thumbnailUrl\":\"https:\/\/mobfish.net\/wp-content\/uploads\/2019\/11\/header4-2560px.jpg\",\"datePublished\":\"2019-01-30T11:14:19+00:00\",\"dateModified\":\"2024-03-05T11:58:38+00:00\",\"description\":\"Erstellen. Bearbeiten. Ver\u00f6ffentlichen. \u279c Mach deine Informationen mit der VR Software mobfish VR STUDIO erlebbar. \u2714 Erreiche Menschen auf eine besondere Art.\",\"breadcrumb\":{\"@id\":\"https:\/\/mobfish.net\/de\/#breadcrumb\"},\"inLanguage\":\"de\",\"potentialAction\":[{\"@type\":\"ReadAction\",\"target\":[\"https:\/\/mobfish.net\/de\/\"]}]},{\"@type\":\"ImageObject\",\"inLanguage\":\"de\",\"@id\":\"https:\/\/mobfish.net\/de\/#primaryimage\",\"url\":\"https:\/\/mobfish.net\/wp-content\/uploads\/2019\/11\/header4-2560px.jpg\",\"contentUrl\":\"https:\/\/mobfish.net\/wp-content\/uploads\/2019\/11\/header4-2560px.jpg\",\"width\":2560,\"height\":1152,\"caption\":\"Virtual Reality with mobfish VR STUDIO\"},{\"@type\":\"BreadcrumbList\",\"@id\":\"https:\/\/mobfish.net\/de\/#breadcrumb\",\"itemListElement\":[{\"@type\":\"ListItem\",\"position\":1,\"name\":\"Home\",\"item\":\"https:\/\/mobfish.net\/de\/\"},{\"@type\":\"ListItem\",\"position\":2,\"name\":\"mobfish VR STUDIO \u2013 Begeistere Kunden, Zuschauer und Kollegen mit selbst erstellten, virtuellen Anwendungen\"}]},{\"@type\":\"WebSite\",\"@id\":\"https:\/\/mobfish.net\/de\/#website\",\"url\":\"https:\/\/mobfish.net\/de\/\",\"name\":\"mobfish VR STUDIO - Build your own interactive VR App!\",\"description\":\"\",\"potentialAction\":[{\"@type\":\"SearchAction\",\"target\":{\"@type\":\"EntryPoint\",\"urlTemplate\":\"https:\/\/mobfish.net\/de\/?s={search_term_string}\"},\"query-input\":\"required name=search_term_string\"}],\"inLanguage\":\"de\"}]}<\/script>\n<!-- \/ Yoast SEO plugin. -->","yoast_head_json":{"title":"mobfish VR STUDIO \u2013 Begeistere Kunden, Zuschauer und Kollegen mit selbst erstellten, virtuellen Anwendungen","description":"Erstellen. Bearbeiten. Ver\u00f6ffentlichen. \u279c Mach deine Informationen mit der VR Software mobfish VR STUDIO erlebbar. \u2714 Erreiche Menschen auf eine besondere Art.","robots":{"index":"index","follow":"follow","max-snippet":"max-snippet:-1","max-image-preview":"max-image-preview:large","max-video-preview":"max-video-preview:-1"},"canonical":"https:\/\/mobfish.net\/de\/","og_locale":"de_DE","og_type":"article","og_title":"mobfish VR STUDIO \u2013 Begeistere Kunden, Zuschauer und Kollegen mit selbst erstellten, virtuellen Anwendungen","og_description":"Erstellen. Bearbeiten. Ver\u00f6ffentlichen. \u279c Mach deine Informationen mit der VR Software mobfish VR STUDIO erlebbar. \u2714 Erreiche Menschen auf eine besondere Art.","og_url":"https:\/\/mobfish.net\/de\/","og_site_name":"mobfish VR STUDIO - Build your own interactive VR App!","article_modified_time":"2024-03-05T11:58:38+00:00","og_image":[{"width":2560,"height":1152,"url":"https:\/\/mobfish.net\/wp-content\/uploads\/2019\/11\/header4-2560px.jpg","type":"image\/jpeg"}],"twitter_card":"summary_large_image","twitter_misc":{"Gesch\u00e4tzte Lesezeit":"1\u00a0Minute"},"schema":{"@context":"https:\/\/schema.org","@graph":[{"@type":"WebPage","@id":"https:\/\/mobfish.net\/de\/","url":"https:\/\/mobfish.net\/de\/","name":"mobfish VR STUDIO \u2013 Begeistere Kunden, Zuschauer und Kollegen mit selbst erstellten, virtuellen Anwendungen","isPartOf":{"@id":"https:\/\/mobfish.net\/de\/#website"},"primaryImageOfPage":{"@id":"https:\/\/mobfish.net\/de\/#primaryimage"},"image":{"@id":"https:\/\/mobfish.net\/de\/#primaryimage"},"thumbnailUrl":"https:\/\/mobfish.net\/wp-content\/uploads\/2019\/11\/header4-2560px.jpg","datePublished":"2019-01-30T11:14:19+00:00","dateModified":"2024-03-05T11:58:38+00:00","description":"Erstellen. Bearbeiten. Ver\u00f6ffentlichen. \u279c Mach deine Informationen mit der VR Software mobfish VR STUDIO erlebbar. \u2714 Erreiche Menschen auf eine besondere Art.","breadcrumb":{"@id":"https:\/\/mobfish.net\/de\/#breadcrumb"},"inLanguage":"de","potentialAction":[{"@type":"ReadAction","target":["https:\/\/mobfish.net\/de\/"]}]},{"@type":"ImageObject","inLanguage":"de","@id":"https:\/\/mobfish.net\/de\/#primaryimage","url":"https:\/\/mobfish.net\/wp-content\/uploads\/2019\/11\/header4-2560px.jpg","contentUrl":"https:\/\/mobfish.net\/wp-content\/uploads\/2019\/11\/header4-2560px.jpg","width":2560,"height":1152,"caption":"Virtual Reality with mobfish VR STUDIO"},{"@type":"BreadcrumbList","@id":"https:\/\/mobfish.net\/de\/#breadcrumb","itemListElement":[{"@type":"ListItem","position":1,"name":"Home","item":"https:\/\/mobfish.net\/de\/"},{"@type":"ListItem","position":2,"name":"mobfish VR STUDIO \u2013 Begeistere Kunden, Zuschauer und Kollegen mit selbst erstellten, virtuellen Anwendungen"}]},{"@type":"WebSite","@id":"https:\/\/mobfish.net\/de\/#website","url":"https:\/\/mobfish.net\/de\/","name":"mobfish VR STUDIO - Build your own interactive VR App!","description":"","potentialAction":[{"@type":"SearchAction","target":{"@type":"EntryPoint","urlTemplate":"https:\/\/mobfish.net\/de\/?s={search_term_string}"},"query-input":"required name=search_term_string"}],"inLanguage":"de"}]}},"jetpack_sharing_enabled":true,"jetpack_shortlink":"https:\/\/wp.me\/PaPoOe-2K","_links":{"self":[{"href":"https:\/\/mobfish.net\/de\/wp-json\/wp\/v2\/pages\/170","targetHints":{"allow":["GET"]}}],"collection":[{"href":"https:\/\/mobfish.net\/de\/wp-json\/wp\/v2\/pages"}],"about":[{"href":"https:\/\/mobfish.net\/de\/wp-json\/wp\/v2\/types\/page"}],"author":[{"embeddable":true,"href":"https:\/\/mobfish.net\/de\/wp-json\/wp\/v2\/users\/1"}],"replies":[{"embeddable":true,"href":"https:\/\/mobfish.net\/de\/wp-json\/wp\/v2\/comments?post=170"}],"version-history":[{"count":90,"href":"https:\/\/mobfish.net\/de\/wp-json\/wp\/v2\/pages\/170\/revisions"}],"predecessor-version":[{"id":2821,"href":"https:\/\/mobfish.net\/de\/wp-json\/wp\/v2\/pages\/170\/revisions\/2821"}],"wp:featuredmedia":[{"embeddable":true,"href":"https:\/\/mobfish.net\/de\/wp-json\/wp\/v2\/media\/2187"}],"wp:attachment":[{"href":"https:\/\/mobfish.net\/de\/wp-json\/wp\/v2\/media?parent=170"}],"curies":[{"name":"wp","href":"https:\/\/api.w.org\/{rel}","templated":true}]}}