{"id":1977,"date":"2019-09-13T14:42:55","date_gmt":"2019-09-13T13:42:55","guid":{"rendered":"https:\/\/mobfish.net\/?page_id=1977"},"modified":"2019-10-17T11:15:11","modified_gmt":"2019-10-17T10:15:11","slug":"vr-streamer","status":"publish","type":"page","link":"https:\/\/mobfish.net\/de\/vr-streamer\/","title":{"rendered":"mobfish VR STREAMER"},"content":{"rendered":"\n<style>\nh1 {display:none;}\n<\/style>\n\n\n\n<figure class=\"wp-block-image\"><img decoding=\"async\" src=\"https:\/\/lh6.googleusercontent.com\/URa7hlx_Dcs44-oDI05DHqwxTesX7Kkbw7AL4l8aINXRNM6Pok9DGGkUT-VpBVauKd6no_tRqI-nYTixToe2if1zpDrVzpkc7KXeFrhRl7STfDPYMUjP7A1oEpcw-eZh-dNVqpUC\" alt=\"\"\/><\/figure>\n\n\n\n<p style=\"text-align:center\" class=\"has-text-color has-medium-font-size has-vivid-cyan-blue-color\">\u00dcbertrage die Inhalte deiner VR Brille kabellos auf einen Bildschirm!<\/p>\n\n\n\n<div class=\"text-center\" style=\"margin-bottom: 16px;\">\n<a id=\"vrStreamerWindowsDownload\" class=\"vrStreamerDownloadBtn btn primary\" href=\"http:\/\/eepurl.com\/gGOmlb\" target=\"_blank\" rel=\"noopener noreferrer\">\n<i class=\"btn-icon-left mobfont-download\"><\/i>\nWindows\n<\/a>\n<\/div>\n\n\n\n<figure class=\"wp-block-embed-youtube wp-block-embed is-type-video is-provider-youtube wp-embed-aspect-16-9 wp-has-aspect-ratio\"><div class=\"wp-block-embed__wrapper\">\n<span class=\"embed-youtube\" style=\"text-align:center; display: block;\"><iframe loading=\"lazy\" class=\"youtube-player\" width=\"640\" height=\"360\" src=\"https:\/\/www.youtube.com\/embed\/cSVrWnFSRzA?version=3&#038;rel=1&#038;showsearch=0&#038;showinfo=1&#038;iv_load_policy=1&#038;fs=1&#038;hl=de-DE&#038;autohide=2&#038;wmode=transparent\" allowfullscreen=\"true\" style=\"border:0;\" sandbox=\"allow-scripts allow-same-origin allow-popups allow-presentation allow-popups-to-escape-sandbox\"><\/iframe><\/span>\n<\/div><\/figure>\n\n\n\n<p>Lade dir jetzt <strong>kostenlos <\/strong>mobfish VR STREAMER herunter, um deine VR Brille kabellos auf einen Monitor zu \u00fcbertragen. Nutze mobfish VR STREAMER auf Messen, f\u00fcr Kundenpr\u00e4sentationen oder auf Workshops. Wir machen das Erleben von Virtual Reality f\u00fcr dich noch besser und einfacher!<\/p>\n\n\n\n<div class=\"wp-block-image\"><figure class=\"aligncenter\"><img loading=\"lazy\" decoding=\"async\" width=\"1920\" height=\"1002\" src=\"https:\/\/mobfish.net\/wp-content\/uploads\/2019\/09\/vr-streamer.png\" alt=\"\" class=\"wp-image-1992\" srcset=\"https:\/\/mobfish.net\/wp-content\/uploads\/2019\/09\/vr-streamer.png 1920w, https:\/\/mobfish.net\/wp-content\/uploads\/2019\/09\/vr-streamer-300x157.png 300w, https:\/\/mobfish.net\/wp-content\/uploads\/2019\/09\/vr-streamer-768x401.png 768w, https:\/\/mobfish.net\/wp-content\/uploads\/2019\/09\/vr-streamer-1024x534.png 1024w\" sizes=\"auto, (max-width: 1920px) 100vw, 1920px\" \/><\/figure><\/div>\n\n\n\n<p>Der mobfish VR STREAMER unterst\u00fctzt die besten kabellosen VR Brillen, die am Markt verf\u00fcgbar sind. Dazu z\u00e4hlen:<\/p>\n\n\n\n<ul class=\"wp-block-list\"><li>Oculus Quest<\/li><li>Oculus Go<\/li><li>Pico G2 4K<\/li><li>HTC VIVE Focus<\/li><li>und weitere&#8230;&nbsp;<br><\/li><\/ul>\n\n\n\n<p>Neu Ger\u00e4te werden laufend durch Updates hinzugef\u00fcgt.<\/p>\n\n\n\n<h2 class=\"info-c wp-block-heading\">Was du brauchst<\/h2>\n\n\n\n<ul class=\"wp-block-list\"><li>Windows 10.<\/li><li>WLAN Netzwerk (Internet nicht erforderlich).<\/li><li>Kompatible mobile VR Brille.<\/li><li>USB-Kabel f\u00fcr die Erstverbindung.<\/li><\/ul>\n\n\n\n<h2 class=\"info-c wp-block-heading\">So einfach funktioniert der Stream von VR Brille zu Monitor:<\/h2>\n\n\n\n<ol class=\"wp-block-list\"><li> Lad dir den <a href=\"http:\/\/eepurl.com\/gGOmlb\" target=\"_blank\" rel=\"noreferrer noopener\" aria-label=\" (opens in a new tab)\">mobfish VR STREAMER<\/a>.<\/li><li>W\u00e4hle deine VR Brille aus und klicke \u201cStart\u201d.<\/li><li>Verbinde deine VR Brille mit einem USB Kabel mit deinem Computer.<\/li><li>Entferne das USB Kabel, sobald die Nachricht erscheint.<\/li><li><strong>Fertig!<\/strong><\/li><\/ol>\n\n\n\n<h2 class=\"wp-block-heading\"><strong>FAQ<\/strong><\/h2>\n\n\n\n<p><strong>Was macht der mobfish VR STREAMER?<\/strong><\/p>\n\n\n\n<blockquote class=\"wp-block-quote is-layout-flow wp-block-quote-is-layout-flow\"><p>Der mobfish VR STREAMER \u00fcbertr\u00e4gt alles, was du mit deiner VR Brille siehst, \u00fcber WLAN auf einen Windows Computer. Du kannst so auf jede Art von Monitor eine \u00dcbertragung herstellen.<\/p><\/blockquote>\n\n\n\n<p><strong>Wer ist mobfish?<\/strong><\/p>\n\n\n\n<blockquote class=\"wp-block-quote is-layout-flow wp-block-quote-is-layout-flow\"><p>Wir sind \u201cDigital Explorer\u201d &#8211; Digitale Entdecker im Bereich Virtual Reality. Wir helfen euch dabei, VR profitabel einzusetzen . Ohne Experten-Know-How. Ohne Programmierung. Ohne unn\u00f6tige Kosten. In gewohnt bester Qualit\u00e4t!<\/p><\/blockquote>\n\n\n\n<p><strong>Warum ist mobfish VR STREAMER kostenlos?<\/strong><\/p>\n\n\n\n<blockquote class=\"wp-block-quote is-layout-flow wp-block-quote-is-layout-flow\"><p>Den VR STREAMER sehen wir als \u201cErweiterung\u201d unseres Hauptproduktes \u201cmobfish VR STUDIO\u201d. Wir m\u00f6chten allen Kunden und VR Nutzern die Nutzung von VR so einfach wie m\u00f6glich gestalten und haben daher eine nutzerfreundliche Streaming-L\u00f6sung entwickelt, die wir euch kostenlos anbieten. Empfehlt uns auch gerne weiter, wenn euch der VR STREAMER gef\u00e4llt! <\/p><\/blockquote>\n\n\n\n<p><strong>Was ist mobfish VR STUDIO<\/strong><\/p>\n\n\n\n<blockquote class=\"wp-block-quote is-layout-flow wp-block-quote-is-layout-flow\"><p><a href=\"http:\/\/mobfish.de\">mobfish VR STUDIO<\/a> ist ein cloudbasiertes VR Authorentool, um Virtual Reality Erlebnisse ohne Programmierung erstellen zu k\u00f6nnen. <\/p><\/blockquote>\n\n\n\n<p><strong>Meine Bild\u00fcbertragung ruckelt!<\/strong><\/p>\n\n\n\n<blockquote class=\"wp-block-quote is-layout-flow wp-block-quote-is-layout-flow\"><p>Die Bilddarstellung h\u00e4ngt vom WLAN und der Leistung deines Computers ab &#8211; besonders bei 4K Bild\u00fcbertragung. Achte auf ausreichend Rechenleistung und gutes WLAN. <\/p><\/blockquote>\n\n\n\n<p><strong>Gibt es mobfish VR STREAMER auch f\u00fcr Mac?<\/strong><\/p>\n\n\n\n<blockquote class=\"wp-block-quote is-layout-flow wp-block-quote-is-layout-flow\"><p>Nein, derzeit nicht.&nbsp;<\/p><\/blockquote>\n\n\n\n<p><strong>Welche VR Brillen werden unterst\u00fctzt?<\/strong><\/p>\n\n\n\n<blockquote class=\"wp-block-quote is-layout-flow wp-block-quote-is-layout-flow\"><p>Derzeit werden Ger\u00e4te mit dem Android Betriebssystem unterst\u00fctzt. Oculus Mobile, Pico und HTC (mobil) bauen alle auf Android auf. Der VR STREAMER ist f\u00fcr autarke VR Brillen (ohne PC) vorgesehen. <\/p><\/blockquote>\n\n\n\n<p><strong>Mein Ger\u00e4t taucht nicht in der List auf.<\/strong><\/p>\n\n\n\n<blockquote class=\"wp-block-quote is-layout-flow wp-block-quote-is-layout-flow\"><p>Unter \u201cAdvanced\u201d kannst du die Darstellung individuell konfigurieren. Nutze diese Funktion, wenn du ein Ger\u00e4t verwendest, welches du nicht in der Drop-Down-Liste findest.  <\/p><\/blockquote>\n","protected":false},"excerpt":{"rendered":"<p>\u00dcbertrage die Inhalte deiner VR Brille kabellos auf einen Bildschirm! Windows Lade dir jetzt kostenlos mobfish VR STREAMER herunter, um&#8230;<\/p>\n","protected":false},"author":5,"featured_media":1992,"parent":0,"menu_order":0,"comment_status":"open","ping_status":"closed","template":"","meta":{"jetpack_post_was_ever_published":false,"footnotes":""},"class_list":["post-1977","page","type-page","status-publish","has-post-thumbnail","hentry"],"yoast_head":"<!-- This site is optimized with the Yoast SEO plugin v22.2 - https:\/\/yoast.com\/wordpress\/plugins\/seo\/ -->\n<title>mobfish VR STREAMER - \u00dcbertrage deine VR Brille kabellos!<\/title>\n<meta name=\"description\" content=\"Kabellose \u00dcbertragung deiner VR Brille auf einen Monitor ist kein Problem mehr! Lade dir kostenlos den mobfish VR STREAMER und lass andere teilhaben!\" \/>\n<meta name=\"robots\" content=\"index, follow, max-snippet:-1, max-image-preview:large, max-video-preview:-1\" \/>\n<link rel=\"canonical\" href=\"https:\/\/mobfish.net\/de\/vr-streamer\/\" \/>\n<meta property=\"og:locale\" content=\"de_DE\" \/>\n<meta property=\"og:type\" content=\"article\" \/>\n<meta property=\"og:title\" content=\"mobfish VR STREAMER - \u00dcbertrage deine VR Brille kabellos!\" \/>\n<meta property=\"og:description\" content=\"Kabellose \u00dcbertragung deiner VR Brille auf einen Monitor ist kein Problem mehr! Lade dir kostenlos den mobfish VR STREAMER und lass andere teilhaben!\" \/>\n<meta property=\"og:url\" content=\"https:\/\/mobfish.net\/de\/vr-streamer\/\" \/>\n<meta property=\"og:site_name\" content=\"mobfish VR STUDIO - Build your own interactive VR App!\" \/>\n<meta property=\"article:modified_time\" content=\"2019-10-17T10:15:11+00:00\" \/>\n<meta property=\"og:image\" content=\"https:\/\/mobfish.net\/wp-content\/uploads\/2019\/09\/vr-streamer.png\" \/>\n\t<meta property=\"og:image:width\" content=\"1920\" \/>\n\t<meta property=\"og:image:height\" content=\"1002\" \/>\n\t<meta property=\"og:image:type\" content=\"image\/png\" \/>\n<meta name=\"twitter:card\" content=\"summary_large_image\" \/>\n<meta name=\"twitter:label1\" content=\"Gesch\u00e4tzte Lesezeit\" \/>\n\t<meta name=\"twitter:data1\" content=\"2\u00a0Minuten\" \/>\n<script type=\"application\/ld+json\" class=\"yoast-schema-graph\">{\"@context\":\"https:\/\/schema.org\",\"@graph\":[{\"@type\":\"WebPage\",\"@id\":\"https:\/\/mobfish.net\/de\/vr-streamer\/\",\"url\":\"https:\/\/mobfish.net\/de\/vr-streamer\/\",\"name\":\"mobfish VR STREAMER - \u00dcbertrage deine VR Brille kabellos!\",\"isPartOf\":{\"@id\":\"https:\/\/mobfish.net\/de\/#website\"},\"primaryImageOfPage\":{\"@id\":\"https:\/\/mobfish.net\/de\/vr-streamer\/#primaryimage\"},\"image\":{\"@id\":\"https:\/\/mobfish.net\/de\/vr-streamer\/#primaryimage\"},\"thumbnailUrl\":\"https:\/\/mobfish.net\/wp-content\/uploads\/2019\/09\/vr-streamer.png\",\"datePublished\":\"2019-09-13T13:42:55+00:00\",\"dateModified\":\"2019-10-17T10:15:11+00:00\",\"description\":\"Kabellose \u00dcbertragung deiner VR Brille auf einen Monitor ist kein Problem mehr! Lade dir kostenlos den mobfish VR STREAMER und lass andere teilhaben!\",\"breadcrumb\":{\"@id\":\"https:\/\/mobfish.net\/de\/vr-streamer\/#breadcrumb\"},\"inLanguage\":\"de\",\"potentialAction\":[{\"@type\":\"ReadAction\",\"target\":[\"https:\/\/mobfish.net\/de\/vr-streamer\/\"]}]},{\"@type\":\"ImageObject\",\"inLanguage\":\"de\",\"@id\":\"https:\/\/mobfish.net\/de\/vr-streamer\/#primaryimage\",\"url\":\"https:\/\/mobfish.net\/wp-content\/uploads\/2019\/09\/vr-streamer.png\",\"contentUrl\":\"https:\/\/mobfish.net\/wp-content\/uploads\/2019\/09\/vr-streamer.png\",\"width\":1920,\"height\":1002},{\"@type\":\"BreadcrumbList\",\"@id\":\"https:\/\/mobfish.net\/de\/vr-streamer\/#breadcrumb\",\"itemListElement\":[{\"@type\":\"ListItem\",\"position\":1,\"name\":\"Home\",\"item\":\"https:\/\/mobfish.net\/de\/\"},{\"@type\":\"ListItem\",\"position\":2,\"name\":\"mobfish VR STREAMER\"}]},{\"@type\":\"WebSite\",\"@id\":\"https:\/\/mobfish.net\/de\/#website\",\"url\":\"https:\/\/mobfish.net\/de\/\",\"name\":\"mobfish VR STUDIO - Build your own interactive VR App!\",\"description\":\"\",\"potentialAction\":[{\"@type\":\"SearchAction\",\"target\":{\"@type\":\"EntryPoint\",\"urlTemplate\":\"https:\/\/mobfish.net\/de\/?s={search_term_string}\"},\"query-input\":\"required name=search_term_string\"}],\"inLanguage\":\"de\"}]}<\/script>\n<!-- \/ Yoast SEO plugin. -->","yoast_head_json":{"title":"mobfish VR STREAMER - \u00dcbertrage deine VR Brille kabellos!","description":"Kabellose \u00dcbertragung deiner VR Brille auf einen Monitor ist kein Problem mehr! Lade dir kostenlos den mobfish VR STREAMER und lass andere teilhaben!","robots":{"index":"index","follow":"follow","max-snippet":"max-snippet:-1","max-image-preview":"max-image-preview:large","max-video-preview":"max-video-preview:-1"},"canonical":"https:\/\/mobfish.net\/de\/vr-streamer\/","og_locale":"de_DE","og_type":"article","og_title":"mobfish VR STREAMER - \u00dcbertrage deine VR Brille kabellos!","og_description":"Kabellose \u00dcbertragung deiner VR Brille auf einen Monitor ist kein Problem mehr! Lade dir kostenlos den mobfish VR STREAMER und lass andere teilhaben!","og_url":"https:\/\/mobfish.net\/de\/vr-streamer\/","og_site_name":"mobfish VR STUDIO - Build your own interactive VR App!","article_modified_time":"2019-10-17T10:15:11+00:00","og_image":[{"width":1920,"height":1002,"url":"https:\/\/mobfish.net\/wp-content\/uploads\/2019\/09\/vr-streamer.png","type":"image\/png"}],"twitter_card":"summary_large_image","twitter_misc":{"Gesch\u00e4tzte Lesezeit":"2\u00a0Minuten"},"schema":{"@context":"https:\/\/schema.org","@graph":[{"@type":"WebPage","@id":"https:\/\/mobfish.net\/de\/vr-streamer\/","url":"https:\/\/mobfish.net\/de\/vr-streamer\/","name":"mobfish VR STREAMER - \u00dcbertrage deine VR Brille kabellos!","isPartOf":{"@id":"https:\/\/mobfish.net\/de\/#website"},"primaryImageOfPage":{"@id":"https:\/\/mobfish.net\/de\/vr-streamer\/#primaryimage"},"image":{"@id":"https:\/\/mobfish.net\/de\/vr-streamer\/#primaryimage"},"thumbnailUrl":"https:\/\/mobfish.net\/wp-content\/uploads\/2019\/09\/vr-streamer.png","datePublished":"2019-09-13T13:42:55+00:00","dateModified":"2019-10-17T10:15:11+00:00","description":"Kabellose \u00dcbertragung deiner VR Brille auf einen Monitor ist kein Problem mehr! Lade dir kostenlos den mobfish VR STREAMER und lass andere teilhaben!","breadcrumb":{"@id":"https:\/\/mobfish.net\/de\/vr-streamer\/#breadcrumb"},"inLanguage":"de","potentialAction":[{"@type":"ReadAction","target":["https:\/\/mobfish.net\/de\/vr-streamer\/"]}]},{"@type":"ImageObject","inLanguage":"de","@id":"https:\/\/mobfish.net\/de\/vr-streamer\/#primaryimage","url":"https:\/\/mobfish.net\/wp-content\/uploads\/2019\/09\/vr-streamer.png","contentUrl":"https:\/\/mobfish.net\/wp-content\/uploads\/2019\/09\/vr-streamer.png","width":1920,"height":1002},{"@type":"BreadcrumbList","@id":"https:\/\/mobfish.net\/de\/vr-streamer\/#breadcrumb","itemListElement":[{"@type":"ListItem","position":1,"name":"Home","item":"https:\/\/mobfish.net\/de\/"},{"@type":"ListItem","position":2,"name":"mobfish VR STREAMER"}]},{"@type":"WebSite","@id":"https:\/\/mobfish.net\/de\/#website","url":"https:\/\/mobfish.net\/de\/","name":"mobfish VR STUDIO - Build your own interactive VR App!","description":"","potentialAction":[{"@type":"SearchAction","target":{"@type":"EntryPoint","urlTemplate":"https:\/\/mobfish.net\/de\/?s={search_term_string}"},"query-input":"required name=search_term_string"}],"inLanguage":"de"}]}},"jetpack_sharing_enabled":true,"jetpack_shortlink":"https:\/\/wp.me\/PaPoOe-vT","_links":{"self":[{"href":"https:\/\/mobfish.net\/de\/wp-json\/wp\/v2\/pages\/1977","targetHints":{"allow":["GET"]}}],"collection":[{"href":"https:\/\/mobfish.net\/de\/wp-json\/wp\/v2\/pages"}],"about":[{"href":"https:\/\/mobfish.net\/de\/wp-json\/wp\/v2\/types\/page"}],"author":[{"embeddable":true,"href":"https:\/\/mobfish.net\/de\/wp-json\/wp\/v2\/users\/5"}],"replies":[{"embeddable":true,"href":"https:\/\/mobfish.net\/de\/wp-json\/wp\/v2\/comments?post=1977"}],"version-history":[{"count":38,"href":"https:\/\/mobfish.net\/de\/wp-json\/wp\/v2\/pages\/1977\/revisions"}],"predecessor-version":[{"id":2062,"href":"https:\/\/mobfish.net\/de\/wp-json\/wp\/v2\/pages\/1977\/revisions\/2062"}],"wp:featuredmedia":[{"embeddable":true,"href":"https:\/\/mobfish.net\/de\/wp-json\/wp\/v2\/media\/1992"}],"wp:attachment":[{"href":"https:\/\/mobfish.net\/de\/wp-json\/wp\/v2\/media?parent=1977"}],"curies":[{"name":"wp","href":"https:\/\/api.w.org\/{rel}","templated":true}]}}