{"id":2292,"date":"2020-03-20T12:50:02","date_gmt":"2020-03-20T11:50:02","guid":{"rendered":"https:\/\/mobfish.net\/?page_id=2292"},"modified":"2020-03-20T12:52:20","modified_gmt":"2020-03-20T11:52:20","slug":"corona-special-care-in-special-times","status":"publish","type":"page","link":"https:\/\/mobfish.net\/de\/corona-special-care-in-special-times\/","title":{"rendered":"Special Care in Special Times &#8211; Gemeinsam den Coronavirus besiegen"},"content":{"rendered":"\n<p>Wir befinden uns mitten in einer globalen Krise. Der Coronavirus verbreitet sich rasend schnell auf der ganzen Welt und beeinflusst Freunde, Familie und die Wirtschaft.\u00a0<\/p>\n\n\n\n<p>mobfish m\u00f6chte dabei helfen, die Krise so schnell wie m\u00f6glich einzud\u00e4mmen und zu besiegen. Deshalb bieten wir Krankenh\u00e4usern, Pflegeeinrichtungen und allen, die sicherstellen, dass Menschen Wohlauf sind, unsere Hilfe an.\u00a0<\/p>\n\n\n\n<p>Wir stellen nicht nur kostenlos unsere Dienste zur Verf\u00fcgung, sondern wir helfen aktiv dabei als Partner ein Netzwerk aufzubauen, was allen Beteiligten dabei hilft Corona schneller einzud\u00e4mmen.<\/p>\n\n\n\n<p class=\"mb-0\">Springe zu:<\/p>\n\n\n\n<ul class=\"wp-block-list\"><li><a href=\"#hospital-help\">Hilfe f\u00fcr Krankenh\u00e4user und Pflegeeinrichtungen<\/a><\/li><li><a href=\"#business-help\">Hilfe f\u00fcr Unternehmen<\/a><\/li><\/ul>\n\n\n\n<a href=\"\/de\/#test-for-free\" class=\"btn primary ml-0\">Jetzt Kostenlos Registrieren<\/a>\n\n\n\n<h2 class=\"wp-block-heading\" id=\"hospital-help\">Coronavirus &#8211; Hilfe f\u00fcr Krankenh\u00e4user und Pflegeeinrichtungen<\/h2>\n\n\n\n<figure class=\"wp-block-image size-large\"><img loading=\"lazy\" decoding=\"async\" width=\"1024\" height=\"571\" src=\"https:\/\/mobfish.net\/wp-content\/uploads\/2020\/03\/krankenhaus-1024x571.jpg\" alt=\"\" class=\"wp-image-2293\" srcset=\"https:\/\/mobfish.net\/wp-content\/uploads\/2020\/03\/krankenhaus-1024x571.jpg 1024w, https:\/\/mobfish.net\/wp-content\/uploads\/2020\/03\/krankenhaus-300x167.jpg 300w, https:\/\/mobfish.net\/wp-content\/uploads\/2020\/03\/krankenhaus-768x429.jpg 768w, https:\/\/mobfish.net\/wp-content\/uploads\/2020\/03\/krankenhaus.jpg 1500w\" sizes=\"auto, (max-width: 1024px) 100vw, 1024px\" \/><\/figure>\n\n\n\n<p>Gerade jetzt, wo immer mehr auf freiwillige Helfer gesetzt wird, m\u00fcssen wir neue Wege finden, um sie schnell und einfach zu schulen. Und das digital, sowie mit m\u00f6glichst wenig physischem Kontakt zu anderen.\u00a0<\/p>\n\n\n\n<p>Wir wissen, dass Virtual Reality besser als jedes andere Medium f\u00fcr solche Lernanwendungen geeignet ist. Deshalb bieten wir an, Krankenh\u00e4user, Pflegeeinrichtungen und co. kostenlos vom ersten Schritt bis zur fertigen Anwendung zu begleiten. Das hei\u00dft wir helfen bei der Konzeption, der Umsetzung und dem Einsatz der Schulungen, um schnell und einfach neues Personal auf die Herausforderungen vorzubereiten.<\/p>\n\n\n\n<p>Wir haben das Ziel ein Netzwerk aus allen Beteiligten zu bilden. Jeder profitiert und vor allem das Personal wird stark entlastet. Dazu sollen die erstellten Schulungen innerhalb des Netzwerkes geteilt und weitergegeben werden. Auch hier unterst\u00fctzen wir aktiv als Partner und Vermittler.<\/p>\n\n\n\n<p>Und das Beste: Je mehr Institutionen sich beteiligen, desto gr\u00f6\u00dfer ist der Nutzen f\u00fcr alle Beteiligten und desto minimaler ist auch der Aufwand.<\/p>\n\n\n\n<p><strong>Also liebe Krankenh\u00e4user und Pflegeeinrichtungen: Tragt euch ein und lasst uns gemeinsam den Kampf gegen Corona ein wenig einfacher machen!<\/strong><\/p>\n\n\n\n<h2 class=\"wp-block-heading\" id=\"business-help\">Coronavirus &#8211; Hilfe f\u00fcr Unternehmen<\/h2>\n\n\n\n<figure class=\"wp-block-image size-large\"><img loading=\"lazy\" decoding=\"async\" width=\"1024\" height=\"599\" src=\"https:\/\/mobfish.net\/wp-content\/uploads\/2020\/03\/business-1024x599.jpg\" alt=\"\" class=\"wp-image-2295\" srcset=\"https:\/\/mobfish.net\/wp-content\/uploads\/2020\/03\/business-1024x599.jpg 1024w, https:\/\/mobfish.net\/wp-content\/uploads\/2020\/03\/business-300x175.jpg 300w, https:\/\/mobfish.net\/wp-content\/uploads\/2020\/03\/business-768x449.jpg 768w, https:\/\/mobfish.net\/wp-content\/uploads\/2020\/03\/business.jpg 1500w\" sizes=\"auto, (max-width: 1024px) 100vw, 1024px\" \/><\/figure>\n\n\n\n<p>Uns ist bewusst, dass nicht nur Betriebe aus dem Gesundheitssektor unter der aktuellen Lage leiden. Dienstreisen m\u00fcssen ausfallen, pers\u00f6nliche Treffen werden auf Eis gelegt und es wird schwieriger Informationen, die wir normalerweise von Angesicht zu Angesicht teilen,\u00a0 zu vermitteln.\u00a0<\/p>\n\n\n\n<p>Deshalb wollen wir auch alle Unternehmen und Organisationen unterst\u00fctzen, die aktuell mit betrieblichen Ausf\u00e4llen zu k\u00e4mpfen haben. Aus diesem Grund stellen wir freie Lizenzen f\u00fcr unsere Virtual Reality Software, dem mobfish VR STUDIO, zur Verf\u00fcgung. Wir hoffen, dass Nutzer das potential von VR aussch\u00f6pfen und so Betriebszweige aufrecht erhalten k\u00f6nnen, die sonst ersatzlos weggefallen.<\/p>\n\n\n\n<p>Wenn du dir noch nicht vorstellen kannst, wie deine Betriebszweige ganz einfach durch Virtual Reality unterst\u00fctzt werden k\u00f6nnen, zeigen wir dir ein paar Beispiele.<\/p>\n\n\n\n<p><strong>Du musst jemanden in dein Produkt einweisen und wei\u00dft jetzt nicht, wie du das bewerkstelligen sollst?<\/strong><\/p>\n\n\n\n<p>Das wohl simpelste und einleuchtendste Beispiel sind Einweisungen. Zum Beispiel in neue Ger\u00e4te, neue Arbeitsprozesse, neue R\u00e4umlichkeiten. Gehen wir beispielsweise mal davon aus, dass du ein Hersteller von Landwirtschaftsmaschinen bist.\u00a0<\/p>\n\n\n\n<p>Du schickst deine Maschinen an Kunden und normalerweise w\u00fcrdest du oder einer deiner Mitarbeiter dem Kunden noch die Handhabung erkl\u00e4ren. Jemanden pers\u00f6nlich treffen oder gar eine Landesgrenze zu passieren, kann unter den gegebenen Umst\u00e4nden schwierig bis unm\u00f6glich sein.<\/p>\n\n\n\n<p>Einfacher ist es da, wenn du einfach eine 360\u00b0 &#8211; Kamera passend in oder an der Maschine platzierst und fast wie gewohnt deinem Kunden eine Einweisung gibst. Im Nachgang kannst du mit wenigen Mausklicks verschiedene Informationen hinzuf\u00fcgen. Etwa eine Nahaufnahme der Werkzeugaufnahme, oder eine Markierung des Notausknopfes. Danach schickst du deinem Kunden einfach die Anwendung, die er zu Hause mit einem PC, Smartphone ,Webbrowser oder nat\u00fcrlich der einer VR-Brille \u00f6ffnen kann. Du musst dich selbst nicht in Gefahr begeben, weil du keinen direkten Kontakt zum Kunden hast und dein Kunde kann sich in Ruhe mit seinem neuen Ger\u00e4t vertraut machen. Und das so oft er m\u00f6chte.<\/p>\n\n\n\n<p><strong>Du bist mit der Planung eines Produktes oder von R\u00e4umlichkeiten besch\u00e4ftigt und musst mit deinem Kunden absprechen, wie es weitergehen soll?<\/strong><\/p>\n\n\n\n<p>Auch das kriegen wir hin. Wenn du gerade selber am Computer planst, kannst du einfach deine CAD &#8211; Daten f\u00fcr eine 360\u00b0 &#8211; Anwendung nutzen und deinen Kunden einfach an den Ort des Geschehens mitnehmen. Die meisten CAD Programme bieten native Exporte also 360\u00b0 Bilder an!<\/p>\n\n\n\n<p>Du kannst aber nat\u00fcrlich auch einfach <a rel=\"noreferrer noopener\" aria-label=\"360\u00b0 - Aufnahmen machen (opens in a new tab)\" href=\"https:\/\/mobfish.net\/de\/blog\/360-grad-video-erstellen\/\" target=\"_blank\">360\u00b0 &#8211; Aufnahmen machen<\/a>, um sie deinen Kunden zu zeigen. Bist du zum Beispiel Immobilienmakler und m\u00f6chtest potentiellen Kunden ein Haus zeigen, kannst du ihnen in einer virtuellen Tour zeigen, was sie erwartet. Das geht mit <a href=\"https:\/\/mobfish.net\/de\/blog\/360-grad-kamera-test\/\">360\u00b0 Kameras<\/a>, sonst aber auch mit dem Handy und Apps wie Google Streetview!<\/p>\n\n\n\n<p><strong>Du hast noch ganz andere Ideen, wie Virtual Reality dich in der aktuellen Situation entlasten kann? Gro\u00dfartig! Wir freuen uns, dich mit unserer Software bei der Umsetzung zu unterst\u00fctzen!<\/strong><\/p>\n\n\n\n<a href=\"\/de\/#test-for-free\" class=\"btn primary ml-0\">Jetzt Kostenlos Registrieren<\/a>\n\n\n\n<h2 class=\"wp-block-heading\"><strong>Hinweise zur kostenlosen Lizenz<\/strong><\/h2>\n\n\n\n<p>Folgende Schritte sind n\u00f6tig um unsere Software f\u00fcr die n\u00e4chsten 3 Monate kostenlos zu nutzen:<\/p>\n\n\n\n<ol class=\"wp-block-list\"><li><a href=\"\/de\/#test-for-free\">Online Registrieren<\/a>.<\/li><li>Im mobfish VR STUDIO Live Chat wirst du benachrichtigt, dass du kostenlos f\u00fcr 3 Monate eine &#8222;Standard&#8220; Lizenz erhalten kannst.<\/li><li>F\u00fclle das kurze Formular aus, welches du \u00fcber den Live Chat vom mobfish VR STUDIO bekommst.<\/li><li>Nach Ausf\u00fcllen des Formulars, senden dir per Mail einen Gutschein-Code \u00fcber 3 Monate.<\/li><li>Upgrade dein Account im mobfish VR STUDIO unter Settings -> Billing auf &#8222;Standard&#8220;.<\/li><li>Nutze beim Upgrade, den Gutschein-Code.<\/li><li>Deine Lizenz ist f\u00fcr die n\u00e4chsten 3 Monate kostenlos freigeschaltet.<\/li><\/ol>\n","protected":false},"excerpt":{"rendered":"<p>Wir befinden uns mitten in einer globalen Krise. Der Coronavirus verbreitet sich rasend schnell auf der ganzen Welt und beeinflusst&#8230;<\/p>\n","protected":false},"author":1,"featured_media":2297,"parent":0,"menu_order":0,"comment_status":"closed","ping_status":"closed","template":"","meta":{"jetpack_post_was_ever_published":false,"footnotes":""},"class_list":["post-2292","page","type-page","status-publish","has-post-thumbnail","hentry"],"yoast_head":"<!-- This site is optimized with the Yoast SEO plugin v22.2 - https:\/\/yoast.com\/wordpress\/plugins\/seo\/ -->\n<title>Special Care in Special Times - Gemeinsam den Coronavirus besiegen<\/title>\n<meta name=\"description\" content=\"mobfish hilft Corona einzud\u00e4mmen. Mit kostenlosen Lizenzen Arbeitsprozesse digitalisieren. Mit dem VR STUDIO freiwillige Helfer schnell &amp; einfach ausbilden.\" \/>\n<meta name=\"robots\" content=\"index, follow, max-snippet:-1, max-image-preview:large, max-video-preview:-1\" \/>\n<link rel=\"canonical\" href=\"https:\/\/mobfish.net\/de\/corona-special-care-in-special-times\/\" \/>\n<meta property=\"og:locale\" content=\"de_DE\" \/>\n<meta property=\"og:type\" content=\"article\" \/>\n<meta property=\"og:title\" content=\"Special Care in Special Times - Gemeinsam den Coronavirus besiegen\" \/>\n<meta property=\"og:description\" content=\"mobfish hilft Corona einzud\u00e4mmen. Mit kostenlosen Lizenzen Arbeitsprozesse digitalisieren. Mit dem VR STUDIO freiwillige Helfer schnell &amp; einfach ausbilden.\" \/>\n<meta property=\"og:url\" content=\"https:\/\/mobfish.net\/de\/corona-special-care-in-special-times\/\" \/>\n<meta property=\"og:site_name\" content=\"mobfish VR STUDIO - Build your own interactive VR App!\" \/>\n<meta property=\"article:modified_time\" content=\"2020-03-20T11:52:20+00:00\" \/>\n<meta property=\"og:image\" content=\"https:\/\/mobfish.net\/wp-content\/uploads\/2020\/03\/thumb.jpg\" \/>\n\t<meta property=\"og:image:width\" content=\"1920\" \/>\n\t<meta property=\"og:image:height\" content=\"1019\" \/>\n\t<meta property=\"og:image:type\" content=\"image\/jpeg\" \/>\n<meta name=\"twitter:card\" content=\"summary_large_image\" \/>\n<meta name=\"twitter:label1\" content=\"Gesch\u00e4tzte Lesezeit\" \/>\n\t<meta name=\"twitter:data1\" content=\"4\u00a0Minuten\" \/>\n<script type=\"application\/ld+json\" class=\"yoast-schema-graph\">{\"@context\":\"https:\/\/schema.org\",\"@graph\":[{\"@type\":\"WebPage\",\"@id\":\"https:\/\/mobfish.net\/de\/corona-special-care-in-special-times\/\",\"url\":\"https:\/\/mobfish.net\/de\/corona-special-care-in-special-times\/\",\"name\":\"Special Care in Special Times - Gemeinsam den Coronavirus besiegen\",\"isPartOf\":{\"@id\":\"https:\/\/mobfish.net\/de\/#website\"},\"primaryImageOfPage\":{\"@id\":\"https:\/\/mobfish.net\/de\/corona-special-care-in-special-times\/#primaryimage\"},\"image\":{\"@id\":\"https:\/\/mobfish.net\/de\/corona-special-care-in-special-times\/#primaryimage\"},\"thumbnailUrl\":\"https:\/\/mobfish.net\/wp-content\/uploads\/2020\/03\/thumb.jpg\",\"datePublished\":\"2020-03-20T11:50:02+00:00\",\"dateModified\":\"2020-03-20T11:52:20+00:00\",\"description\":\"mobfish hilft Corona einzud\u00e4mmen. Mit kostenlosen Lizenzen Arbeitsprozesse digitalisieren. Mit dem VR STUDIO freiwillige Helfer schnell & einfach ausbilden.\",\"breadcrumb\":{\"@id\":\"https:\/\/mobfish.net\/de\/corona-special-care-in-special-times\/#breadcrumb\"},\"inLanguage\":\"de\",\"potentialAction\":[{\"@type\":\"ReadAction\",\"target\":[\"https:\/\/mobfish.net\/de\/corona-special-care-in-special-times\/\"]}]},{\"@type\":\"ImageObject\",\"inLanguage\":\"de\",\"@id\":\"https:\/\/mobfish.net\/de\/corona-special-care-in-special-times\/#primaryimage\",\"url\":\"https:\/\/mobfish.net\/wp-content\/uploads\/2020\/03\/thumb.jpg\",\"contentUrl\":\"https:\/\/mobfish.net\/wp-content\/uploads\/2020\/03\/thumb.jpg\",\"width\":1920,\"height\":1019,\"caption\":\"Corona - Special Care in Special Times\"},{\"@type\":\"BreadcrumbList\",\"@id\":\"https:\/\/mobfish.net\/de\/corona-special-care-in-special-times\/#breadcrumb\",\"itemListElement\":[{\"@type\":\"ListItem\",\"position\":1,\"name\":\"Home\",\"item\":\"https:\/\/mobfish.net\/de\/\"},{\"@type\":\"ListItem\",\"position\":2,\"name\":\"Special Care in Special Times &#8211; Gemeinsam den Coronavirus besiegen\"}]},{\"@type\":\"WebSite\",\"@id\":\"https:\/\/mobfish.net\/de\/#website\",\"url\":\"https:\/\/mobfish.net\/de\/\",\"name\":\"mobfish VR STUDIO - Build your own interactive VR App!\",\"description\":\"\",\"potentialAction\":[{\"@type\":\"SearchAction\",\"target\":{\"@type\":\"EntryPoint\",\"urlTemplate\":\"https:\/\/mobfish.net\/de\/?s={search_term_string}\"},\"query-input\":\"required name=search_term_string\"}],\"inLanguage\":\"de\"}]}<\/script>\n<!-- \/ Yoast SEO plugin. -->","yoast_head_json":{"title":"Special Care in Special Times - Gemeinsam den Coronavirus besiegen","description":"mobfish hilft Corona einzud\u00e4mmen. Mit kostenlosen Lizenzen Arbeitsprozesse digitalisieren. Mit dem VR STUDIO freiwillige Helfer schnell & einfach ausbilden.","robots":{"index":"index","follow":"follow","max-snippet":"max-snippet:-1","max-image-preview":"max-image-preview:large","max-video-preview":"max-video-preview:-1"},"canonical":"https:\/\/mobfish.net\/de\/corona-special-care-in-special-times\/","og_locale":"de_DE","og_type":"article","og_title":"Special Care in Special Times - Gemeinsam den Coronavirus besiegen","og_description":"mobfish hilft Corona einzud\u00e4mmen. Mit kostenlosen Lizenzen Arbeitsprozesse digitalisieren. Mit dem VR STUDIO freiwillige Helfer schnell & einfach ausbilden.","og_url":"https:\/\/mobfish.net\/de\/corona-special-care-in-special-times\/","og_site_name":"mobfish VR STUDIO - Build your own interactive VR App!","article_modified_time":"2020-03-20T11:52:20+00:00","og_image":[{"width":1920,"height":1019,"url":"https:\/\/mobfish.net\/wp-content\/uploads\/2020\/03\/thumb.jpg","type":"image\/jpeg"}],"twitter_card":"summary_large_image","twitter_misc":{"Gesch\u00e4tzte Lesezeit":"4\u00a0Minuten"},"schema":{"@context":"https:\/\/schema.org","@graph":[{"@type":"WebPage","@id":"https:\/\/mobfish.net\/de\/corona-special-care-in-special-times\/","url":"https:\/\/mobfish.net\/de\/corona-special-care-in-special-times\/","name":"Special Care in Special Times - Gemeinsam den Coronavirus besiegen","isPartOf":{"@id":"https:\/\/mobfish.net\/de\/#website"},"primaryImageOfPage":{"@id":"https:\/\/mobfish.net\/de\/corona-special-care-in-special-times\/#primaryimage"},"image":{"@id":"https:\/\/mobfish.net\/de\/corona-special-care-in-special-times\/#primaryimage"},"thumbnailUrl":"https:\/\/mobfish.net\/wp-content\/uploads\/2020\/03\/thumb.jpg","datePublished":"2020-03-20T11:50:02+00:00","dateModified":"2020-03-20T11:52:20+00:00","description":"mobfish hilft Corona einzud\u00e4mmen. Mit kostenlosen Lizenzen Arbeitsprozesse digitalisieren. Mit dem VR STUDIO freiwillige Helfer schnell & einfach ausbilden.","breadcrumb":{"@id":"https:\/\/mobfish.net\/de\/corona-special-care-in-special-times\/#breadcrumb"},"inLanguage":"de","potentialAction":[{"@type":"ReadAction","target":["https:\/\/mobfish.net\/de\/corona-special-care-in-special-times\/"]}]},{"@type":"ImageObject","inLanguage":"de","@id":"https:\/\/mobfish.net\/de\/corona-special-care-in-special-times\/#primaryimage","url":"https:\/\/mobfish.net\/wp-content\/uploads\/2020\/03\/thumb.jpg","contentUrl":"https:\/\/mobfish.net\/wp-content\/uploads\/2020\/03\/thumb.jpg","width":1920,"height":1019,"caption":"Corona - Special Care in Special Times"},{"@type":"BreadcrumbList","@id":"https:\/\/mobfish.net\/de\/corona-special-care-in-special-times\/#breadcrumb","itemListElement":[{"@type":"ListItem","position":1,"name":"Home","item":"https:\/\/mobfish.net\/de\/"},{"@type":"ListItem","position":2,"name":"Special Care in Special Times &#8211; Gemeinsam den Coronavirus besiegen"}]},{"@type":"WebSite","@id":"https:\/\/mobfish.net\/de\/#website","url":"https:\/\/mobfish.net\/de\/","name":"mobfish VR STUDIO - Build your own interactive VR App!","description":"","potentialAction":[{"@type":"SearchAction","target":{"@type":"EntryPoint","urlTemplate":"https:\/\/mobfish.net\/de\/?s={search_term_string}"},"query-input":"required name=search_term_string"}],"inLanguage":"de"}]}},"jetpack_sharing_enabled":true,"jetpack_shortlink":"https:\/\/wp.me\/PaPoOe-AY","_links":{"self":[{"href":"https:\/\/mobfish.net\/de\/wp-json\/wp\/v2\/pages\/2292","targetHints":{"allow":["GET"]}}],"collection":[{"href":"https:\/\/mobfish.net\/de\/wp-json\/wp\/v2\/pages"}],"about":[{"href":"https:\/\/mobfish.net\/de\/wp-json\/wp\/v2\/types\/page"}],"author":[{"embeddable":true,"href":"https:\/\/mobfish.net\/de\/wp-json\/wp\/v2\/users\/1"}],"replies":[{"embeddable":true,"href":"https:\/\/mobfish.net\/de\/wp-json\/wp\/v2\/comments?post=2292"}],"version-history":[{"count":10,"href":"https:\/\/mobfish.net\/de\/wp-json\/wp\/v2\/pages\/2292\/revisions"}],"predecessor-version":[{"id":2308,"href":"https:\/\/mobfish.net\/de\/wp-json\/wp\/v2\/pages\/2292\/revisions\/2308"}],"wp:featuredmedia":[{"embeddable":true,"href":"https:\/\/mobfish.net\/de\/wp-json\/wp\/v2\/media\/2297"}],"wp:attachment":[{"href":"https:\/\/mobfish.net\/de\/wp-json\/wp\/v2\/media?parent=2292"}],"curies":[{"name":"wp","href":"https:\/\/api.w.org\/{rel}","templated":true}]}}