{"id":2337,"date":"2020-04-16T08:39:55","date_gmt":"2020-04-16T07:39:55","guid":{"rendered":"https:\/\/mobfish.net\/?page_id=2337"},"modified":"2021-04-27T09:41:40","modified_gmt":"2021-04-27T08:41:40","slug":"wir-stellen-uns-vor-das-team-hinter-mobfish-vr-studio-heist-twinc","status":"publish","type":"page","link":"https:\/\/mobfish.net\/de\/wir-stellen-uns-vor-das-team-hinter-mobfish-vr-studio-heist-twinc\/","title":{"rendered":"Wir stellen uns vor: das Team hinter mobfish VR STUDIO hei\u00dft twinC"},"content":{"rendered":"\n<p>Wir sind ein junges Start &#8211; up aus Deutschland, das sich mit Begeisterung f\u00fcr die Verbreitung von Virtual Reality einsetzt. Unser Ziel ist es, Menschen mit unseren innovativen Produkten dabei zu unterst\u00fctzen die virtuelle Welt zu erkunden.&nbsp;<\/p>\n\n\n\n<p>Menschen k\u00f6nnen mit unserer Hilfe nicht nur in v\u00f6llig neue Welten eintauchen &#8211; wir wollen sie vor allem dazu inspirieren neue Technologien auszuprobieren. Mit unseren Produkten wecken wir Begeisterung und Interesse f\u00fcr Virtual Reality und zeigen gleichzeitig, dass eine eigene VR App schon lange kein Hexenwerk mehr ist.<\/p>\n\n\n\n<p>Wir sind selbst jeden Tag aufs Neue gespannt, was die digitale Welt als n\u00e4chstes f\u00fcr uns bereith\u00e4lt. Liebend gerne probieren wir neue VR Headsets aus, spielen mit neuer Software und versuchen fortlaufend die Grenzen des M\u00f6glichen auszuweiten. Daf\u00fcr nehmen wir uns sogar mit dem ganzen Team regelm\u00e4\u00dfig Zeit und arbeiten an den Herzensprojekten, f\u00fcr die im Arbeitsalltag sonst keine Zeit bleibt.&nbsp;<\/p>\n\n\n\n<p>Unser Team hilft dir gerne jederzeit mit seinem Know-How weiter. Schreib uns gerne eine Nachricht &#8211; wir freuen uns darauf dich kennenzulernen! Woher wir kommen, was mir machen und wieso wir die virtuellen Welten so m\u00f6gen, kannst du auch in unserer VR Academy erfahren. <a href=\"http:\/\/www.twinc.academy\">www.twinc.academy<\/a><\/p>\n\n\n    <h2 class=\"text-center\">Das Team<\/h2>\n    <div id=\"team\">\n    \n        <div class=\"member\">\n\n\n            <style>\n                #img2389 {\n                    background-image: url(https:\/\/mobfish.net\/wp-content\/uploads\/2024\/04\/Founder-VR-Studio.jpg);\n                }\n\n                #img2389:hover {\n                    background-image: url(https:\/\/mobfish.net\/wp-content\/uploads\/2024\/04\/Founder-VR-Studio.jpg);\n                }\n            <\/style>\n\n            <!--Preload the hidden image-->\n            <script>\n                var imageObj = new Image();\n                imageObj.src=\"https:\/\/mobfish.net\/wp-content\/uploads\/2024\/04\/Founder-VR-Studio.jpg\";\n            <\/script>\n            <div id=\"img2389\" class=\"image\">\n            <\/div>\n\n            <div class=\"name\">Sebastian<\/div>\n            <div class=\"position\">Founder \/ Developer<\/div>\n        <\/div>\n    \n        <div class=\"member\">\n\n\n            <style>\n                #img2385 {\n                    background-image: url(https:\/\/mobfish.net\/wp-content\/uploads\/2024\/04\/Support-VR-Studio.jpg);\n                }\n\n                #img2385:hover {\n                    background-image: url(https:\/\/mobfish.net\/wp-content\/uploads\/2024\/04\/Support-VR-Studio.jpg);\n                }\n            <\/style>\n\n            <!--Preload the hidden image-->\n            <script>\n                var imageObj = new Image();\n                imageObj.src=\"https:\/\/mobfish.net\/wp-content\/uploads\/2024\/04\/Support-VR-Studio.jpg\";\n            <\/script>\n            <div id=\"img2385\" class=\"image\">\n            <\/div>\n\n            <div class=\"name\">Hannah<\/div>\n            <div class=\"position\">Support<\/div>\n        <\/div>\n        <\/div>\n    \n","protected":false},"excerpt":{"rendered":"<p>Wir sind ein junges Start &#8211; up aus Deutschland, das sich mit Begeisterung f\u00fcr die Verbreitung von Virtual Reality einsetzt&#8230;.<\/p>\n","protected":false},"author":1,"featured_media":0,"parent":0,"menu_order":0,"comment_status":"closed","ping_status":"closed","template":"about.php","meta":{"jetpack_post_was_ever_published":false,"footnotes":""},"class_list":["post-2337","page","type-page","status-publish","hentry"],"yoast_head":"<!-- This site is optimized with the Yoast SEO plugin v22.2 - https:\/\/yoast.com\/wordpress\/plugins\/seo\/ -->\n<title>Wir stellen uns vor: das Team hinter mobfish VR STUDIO hei\u00dft twinC - mobfish VR STUDIO - Build your own interactive VR App!<\/title>\n<meta name=\"robots\" content=\"index, follow, max-snippet:-1, max-image-preview:large, max-video-preview:-1\" \/>\n<link rel=\"canonical\" href=\"https:\/\/mobfish.net\/de\/wir-stellen-uns-vor-das-team-hinter-mobfish-vr-studio-heist-twinc\/\" \/>\n<meta property=\"og:locale\" content=\"de_DE\" \/>\n<meta property=\"og:type\" content=\"article\" \/>\n<meta property=\"og:title\" content=\"Wir stellen uns vor: das Team hinter mobfish VR STUDIO hei\u00dft twinC - mobfish VR STUDIO - Build your own interactive VR App!\" \/>\n<meta property=\"og:description\" content=\"Wir sind ein junges Start &#8211; up aus Deutschland, das sich mit Begeisterung f\u00fcr die Verbreitung von Virtual Reality einsetzt....\" \/>\n<meta property=\"og:url\" content=\"https:\/\/mobfish.net\/de\/wir-stellen-uns-vor-das-team-hinter-mobfish-vr-studio-heist-twinc\/\" \/>\n<meta property=\"og:site_name\" content=\"mobfish VR STUDIO - Build your own interactive VR App!\" \/>\n<meta property=\"article:modified_time\" content=\"2021-04-27T08:41:40+00:00\" \/>\n<meta name=\"twitter:card\" content=\"summary_large_image\" \/>\n<meta name=\"twitter:label1\" content=\"Gesch\u00e4tzte Lesezeit\" \/>\n\t<meta name=\"twitter:data1\" content=\"1\u00a0Minute\" \/>\n<script type=\"application\/ld+json\" class=\"yoast-schema-graph\">{\"@context\":\"https:\/\/schema.org\",\"@graph\":[{\"@type\":\"WebPage\",\"@id\":\"https:\/\/mobfish.net\/de\/wir-stellen-uns-vor-das-team-hinter-mobfish-vr-studio-heist-twinc\/\",\"url\":\"https:\/\/mobfish.net\/de\/wir-stellen-uns-vor-das-team-hinter-mobfish-vr-studio-heist-twinc\/\",\"name\":\"Wir stellen uns vor: das Team hinter mobfish VR STUDIO hei\u00dft twinC - mobfish VR STUDIO - Build your own interactive VR App!\",\"isPartOf\":{\"@id\":\"https:\/\/mobfish.net\/de\/#website\"},\"datePublished\":\"2020-04-16T07:39:55+00:00\",\"dateModified\":\"2021-04-27T08:41:40+00:00\",\"breadcrumb\":{\"@id\":\"https:\/\/mobfish.net\/de\/wir-stellen-uns-vor-das-team-hinter-mobfish-vr-studio-heist-twinc\/#breadcrumb\"},\"inLanguage\":\"de\",\"potentialAction\":[{\"@type\":\"ReadAction\",\"target\":[\"https:\/\/mobfish.net\/de\/wir-stellen-uns-vor-das-team-hinter-mobfish-vr-studio-heist-twinc\/\"]}]},{\"@type\":\"BreadcrumbList\",\"@id\":\"https:\/\/mobfish.net\/de\/wir-stellen-uns-vor-das-team-hinter-mobfish-vr-studio-heist-twinc\/#breadcrumb\",\"itemListElement\":[{\"@type\":\"ListItem\",\"position\":1,\"name\":\"Home\",\"item\":\"https:\/\/mobfish.net\/de\/\"},{\"@type\":\"ListItem\",\"position\":2,\"name\":\"Wir stellen uns vor: das Team hinter mobfish VR STUDIO hei\u00dft twinC\"}]},{\"@type\":\"WebSite\",\"@id\":\"https:\/\/mobfish.net\/de\/#website\",\"url\":\"https:\/\/mobfish.net\/de\/\",\"name\":\"mobfish VR STUDIO - Build your own interactive VR App!\",\"description\":\"\",\"potentialAction\":[{\"@type\":\"SearchAction\",\"target\":{\"@type\":\"EntryPoint\",\"urlTemplate\":\"https:\/\/mobfish.net\/de\/?s={search_term_string}\"},\"query-input\":\"required name=search_term_string\"}],\"inLanguage\":\"de\"}]}<\/script>\n<!-- \/ Yoast SEO plugin. -->","yoast_head_json":{"title":"Wir stellen uns vor: das Team hinter mobfish VR STUDIO hei\u00dft twinC - mobfish VR STUDIO - Build your own interactive VR App!","robots":{"index":"index","follow":"follow","max-snippet":"max-snippet:-1","max-image-preview":"max-image-preview:large","max-video-preview":"max-video-preview:-1"},"canonical":"https:\/\/mobfish.net\/de\/wir-stellen-uns-vor-das-team-hinter-mobfish-vr-studio-heist-twinc\/","og_locale":"de_DE","og_type":"article","og_title":"Wir stellen uns vor: das Team hinter mobfish VR STUDIO hei\u00dft twinC - mobfish VR STUDIO - Build your own interactive VR App!","og_description":"Wir sind ein junges Start &#8211; up aus Deutschland, das sich mit Begeisterung f\u00fcr die Verbreitung von Virtual Reality einsetzt....","og_url":"https:\/\/mobfish.net\/de\/wir-stellen-uns-vor-das-team-hinter-mobfish-vr-studio-heist-twinc\/","og_site_name":"mobfish VR STUDIO - Build your own interactive VR App!","article_modified_time":"2021-04-27T08:41:40+00:00","twitter_card":"summary_large_image","twitter_misc":{"Gesch\u00e4tzte Lesezeit":"1\u00a0Minute"},"schema":{"@context":"https:\/\/schema.org","@graph":[{"@type":"WebPage","@id":"https:\/\/mobfish.net\/de\/wir-stellen-uns-vor-das-team-hinter-mobfish-vr-studio-heist-twinc\/","url":"https:\/\/mobfish.net\/de\/wir-stellen-uns-vor-das-team-hinter-mobfish-vr-studio-heist-twinc\/","name":"Wir stellen uns vor: das Team hinter mobfish VR STUDIO hei\u00dft twinC - mobfish VR STUDIO - Build your own interactive VR App!","isPartOf":{"@id":"https:\/\/mobfish.net\/de\/#website"},"datePublished":"2020-04-16T07:39:55+00:00","dateModified":"2021-04-27T08:41:40+00:00","breadcrumb":{"@id":"https:\/\/mobfish.net\/de\/wir-stellen-uns-vor-das-team-hinter-mobfish-vr-studio-heist-twinc\/#breadcrumb"},"inLanguage":"de","potentialAction":[{"@type":"ReadAction","target":["https:\/\/mobfish.net\/de\/wir-stellen-uns-vor-das-team-hinter-mobfish-vr-studio-heist-twinc\/"]}]},{"@type":"BreadcrumbList","@id":"https:\/\/mobfish.net\/de\/wir-stellen-uns-vor-das-team-hinter-mobfish-vr-studio-heist-twinc\/#breadcrumb","itemListElement":[{"@type":"ListItem","position":1,"name":"Home","item":"https:\/\/mobfish.net\/de\/"},{"@type":"ListItem","position":2,"name":"Wir stellen uns vor: das Team hinter mobfish VR STUDIO hei\u00dft twinC"}]},{"@type":"WebSite","@id":"https:\/\/mobfish.net\/de\/#website","url":"https:\/\/mobfish.net\/de\/","name":"mobfish VR STUDIO - Build your own interactive VR App!","description":"","potentialAction":[{"@type":"SearchAction","target":{"@type":"EntryPoint","urlTemplate":"https:\/\/mobfish.net\/de\/?s={search_term_string}"},"query-input":"required name=search_term_string"}],"inLanguage":"de"}]}},"jetpack_sharing_enabled":true,"jetpack_shortlink":"https:\/\/wp.me\/PaPoOe-BH","_links":{"self":[{"href":"https:\/\/mobfish.net\/de\/wp-json\/wp\/v2\/pages\/2337","targetHints":{"allow":["GET"]}}],"collection":[{"href":"https:\/\/mobfish.net\/de\/wp-json\/wp\/v2\/pages"}],"about":[{"href":"https:\/\/mobfish.net\/de\/wp-json\/wp\/v2\/types\/page"}],"author":[{"embeddable":true,"href":"https:\/\/mobfish.net\/de\/wp-json\/wp\/v2\/users\/1"}],"replies":[{"embeddable":true,"href":"https:\/\/mobfish.net\/de\/wp-json\/wp\/v2\/comments?post=2337"}],"version-history":[{"count":8,"href":"https:\/\/mobfish.net\/de\/wp-json\/wp\/v2\/pages\/2337\/revisions"}],"predecessor-version":[{"id":2624,"href":"https:\/\/mobfish.net\/de\/wp-json\/wp\/v2\/pages\/2337\/revisions\/2624"}],"wp:attachment":[{"href":"https:\/\/mobfish.net\/de\/wp-json\/wp\/v2\/media?parent=2337"}],"curies":[{"name":"wp","href":"https:\/\/api.w.org\/{rel}","templated":true}]}}