{"id":588,"date":"2019-02-20T13:36:37","date_gmt":"2019-02-20T13:36:37","guid":{"rendered":"http:\/\/mobfish.net\/?page_id=588"},"modified":"2019-02-20T13:36:38","modified_gmt":"2019-02-20T13:36:38","slug":"rechtliches","status":"publish","type":"page","link":"https:\/\/mobfish.net\/de\/rechtliches\/","title":{"rendered":"Rechtliches"},"content":{"rendered":"\n<p>Stand: 11.10.2012<\/p>\n\n\n\n<h2 class=\"wp-block-heading\">Geltungsbereich<\/h2>\n\n\n\n<p>Die Allgemeinen Gesch\u00e4ftsbedingungen beziehen sich auf die von der \u201cmobfish GmbH\u201d (nachfolgend mobfish genannt) betriebenen Webseiten und Apps sowie deren angebundenen Dienstleistungen. Die durch mobfish betriebenen Dienste stehen ausschlie\u00dflich auf Grundlage dieser Nutzungsbedingungen zur Verf\u00fcgung.<br><\/p>\n\n\n\n<h2 class=\"wp-block-heading\">Allgemeines<\/h2>\n\n\n\n<p>Mobfish beh\u00e4lt sich ausdr\u00fccklich vor, Teile der Webseiten und Apps sowie das ganze Angebot ohne gesonderte Ank\u00fcndigungen zu ver\u00e4ndern, erweitern, erg\u00e4nzen, zu l\u00f6schen oder die Ver\u00f6ffentlichung zeitweise oder endg\u00fcltig einzustellen.<\/p>\n\n\n\n<p>Die Informationen unseres Angebotes auch die, die von Nutzern mobfish zur Verf\u00fcgung gestellt wurden d\u00fcrfen ausschlie\u00dflich nur f\u00fcr private Zwecke verwendet werden. Jegliche kommerzielle Auswertung unserer Datenbest\u00e4nde ist ohne schriftlicher Genehmigung von mobfish nicht gestattet. Jeder Nutzer tr\u00e4gt daf\u00fcr Sorge, dass die von Ihm genutzten Informationen nur privat weiterverwendet werden.<\/p>\n\n\n\n<p>Mobfish ist stets f\u00fcr einen technisch reibungslosen und ausfallfreien Zustand seiner Infrastruktur bem\u00fcht. Dennoch k\u00f6nnen Fehler und Ausf\u00e4lle des Systems sowie Fehler in den Produkten nicht ausgeschlossen werden. Daher k\u00f6nnen wir keine Gewehr f\u00fcr die Ausfallsicherheit \u00fcbernehmen. Mobfish beh\u00e4lt sich das Recht vor, jederzeit Teile des Systems f\u00fcr Wartungs- und Instandsetzungsarbeiten vom Netz zu nehmen. W\u00e4hrend dieser Zeiten kann das Angebot gar nicht oder auch nur teilweise Erreichbar sein.<\/p>\n\n\n\n<h2 class=\"wp-block-heading\">Leistungen<\/h2>\n\n\n\n<p>Mobfish bietet Apps zum kostenlosen sowie kostenpflichtigen Download auf verschiedenen Plattformen und Absatzkan\u00e4le an. F\u00fcr den Reibungslosen Ablauf der Zahlungen bzw. des Downloads sind unsere jeweiligen Vertriebspartner verantwortlich.<\/p>\n\n\n\n<p>Die von uns angebotenen Apps und Webseiten werden je nach Angebot in regelm\u00e4\u00dfigen sowie unregelm\u00e4\u00dfigen Abst\u00e4nden mit Updates versorgt. Die Entscheidung \u00fcber Updates basiert auf internen Regelungen und Entscheidung sowie auf dem Erfolg des Angebots.<\/p>\n\n\n\n<p>Mobfish bietet die M\u00f6glichkeit innerhalb der einzelnen Angebote Werbung zu schalten. Diese Werbung wird (soweit nicht anders vereinbart) \u00fcber die Anzahl der Impressionen verg\u00fctet.<\/p>\n\n\n\n<p>Die Verrechnung vom Impressionen erfolgt pro Millionen und wird pro Monat geb\u00fcndelt dem Kunden in Rechnung gestellt.<\/p>\n\n\n\n<p>Die Anzahl der zu schaltenden Impressionen werden im Vertraglich festgehalten.<\/p>\n\n\n\n<p>Ist es mobfish technisch nicht m\u00f6glich die vereinbarten Impressionen auszuliefern, wird der Auftrag an der Stelle geschlossen und die verbleibenden Impressionen werden nicht mehr in Rechnung gestellt.<\/p>\n\n\n\n<h2 class=\"wp-block-heading\">Urheberrechte\/gewerbliche Schutzrechte<\/h2>\n\n\n\n<p>Alle Daten, Informationen, Datens\u00e4tze, Texte und Grafiken auf unseren Webseiten und Apps genie\u00dfen urheberrechtlichen Schutz nach dem Urgebergesetzt.<\/p>\n\n\n\n<p>Jegliche Verwendung dieser Daten sind ohne schriftlicher Genehmigung von mobfish ausdr\u00fccklich untersagt. Soweit Inhalte von dritten zur Verf\u00fcgung gestellt wurden, werden die Schutzrechter Dritter beachtet. Inhalte von Dritten werden von mobfish als solche gekennzeichnet.<br><\/p>\n\n\n\n<h2 class=\"wp-block-heading\">Nutzungsrechte<\/h2>\n\n\n\n<p>Mit der Nutzung bzw. dem Download unserer Apps bei einem unserer Partner erh\u00e4lt der Nutzer ein einfaches, zeitlich unbeschr\u00e4nktes Nutzungsrecht an der Software zur ausschlie\u00dflich privaten Nutzung.<\/p>\n\n\n\n<p>Bei Nutzerbeitr\u00e4gen erh\u00e4lt mobfish ein einfaches, zeitlich und r\u00e4umlich unbeschr\u00e4nktes Nutzungsrecht zur umfassenden Verwertung in allen von mobfish angebotenen Produkten und Portalen.<\/p>\n\n\n\n<p>Das Nutzungsrecht gew\u00e4hrt mobfish die Entscheidung \u00fcber redaktionelle Anpassungen sowie dar\u00fcber wann und ob ein Beitrag ver\u00f6ffentlicht wird.<br><\/p>\n\n\n\n<h2 class=\"wp-block-heading\">Verantwortlichkeit und Haftung<\/h2>\n\n\n\n<p>Mobfish steckt viel Arbeit in die Produktion und Qualit\u00e4tssicherung Ihres Angebots. Dennoch kann es auch in Zusammenwirkung mit Fremden Anwendungen und Komponenten zu Kompatibilit\u00e4tsproblemen, Fehlern und auch Ausf\u00e4llen kommen. Mobfish haftet daher nicht bei Ausf\u00e4llen die durch unsachgem\u00e4\u00dfe Nutzung oder durch fremde Komponenten entstanden sind.<\/p>\n\n\n\n<p>Einige Beitr\u00e4ge (Kommentare und Spielelemente) werden zum Teil ohne Moderation und zeitlicher Verz\u00f6gerung dem Endnutzer zur Verf\u00fcgung gestellt. F\u00fcr den Inhalt ist der jeweilige Verfasser verantwortlich. Mobfish wird unverz\u00fcglich nach Kenntnisnahme eines Rechtsversto\u00df den jeweiligen Beitrag aus dem Angebot entfernen.<\/p>\n\n\n\n<p>Mobfish haftet nur f\u00fcr Sch\u00e4den, die auf vors\u00e4tzliche oder grob fahrl\u00e4ssige Vertragsverletzungen beruhen.<\/p>\n\n\n\n<h2 class=\"wp-block-heading\">Haftung des Nutzers<\/h2>\n\n\n\n<p>Jeder Nutzer verpflichtet sich das von mobfish bereit gestellte Angebot in angemessener Art und Weise zu nutzen. Das betrifft insbesondere dem Einsatz von Programmen und Mechanismen die den Angebot durch Spam oder \u00fcberm\u00e4\u00dfiger Belastung schaden.<\/p>\n\n\n\n<p>Jeder Nutzer verpflichtet sich mit seinen Beitr\u00e4gen nicht gegen gegebenes Recht sowie gute Sitten zu versto\u00dfen. Hierzu geh\u00f6ren Pornographische, Volksverhetzende sowie gewaltverherrlichende Inhalte.<\/p>\n\n\n\n<p>Mobfish beh\u00e4lt sich das Recht vor den durch die nicht Ordnungsgem\u00e4\u00dfe Nutzung des Dienstes entstandenen Schaden in Rechnung zu stellen.<\/p>\n\n\n\n<p>Bei Versto\u00df gegen die oben genannten Regeln oder gegen das Recht beh\u00e4lt sich mobfish das Recht vor die entsprechenden Eintr\u00e4ge vom Netz zu nehmen und die Beh\u00f6rden bei den Ermittlungen zu unterst\u00fctzen.<\/p>\n\n\n\n<p>Jeder Nutzer verpflichtet sich, Produkte von mobfish ausschlie\u00dflich f\u00fcr Inhalte zu nutzen, die mit unseren Unternehmenswerten im Einklang stehen: Dies schlie\u00dft gewaltverherrlichende, pornografische, rechtsextremistische oder gegen Menschenrechte bzw. Menschenw\u00fcrde versto\u00dfende Inhalte aus.<\/p>\n\n\n\n<h2 class=\"wp-block-heading\">Haftung f\u00fcr Links<\/h2>\n\n\n\n<p>Unsere Webseiten und Apps enthalten Links zu externen Webseiten. Diese werden von mobfish sorgf\u00e4ltig ausgew\u00e4hlt und gepr\u00fcft. Eine permanenten Inhaltskontrolle dieser Seiten ist aber f\u00fcr mobfish weder m\u00f6glich noch zumutbar. Auf die \u00c4nderungen und Neugestaltung externer Angebote hat mobfish keinerlei Einfluss. Mobfish \u00fcbernimmt keine Haftung f\u00fcr die Richtigkeit, Vollst\u00e4ndigkeit und Aktualit\u00e4t der verlinkten Inhalte. F\u00fcr rechtwidrige, fehlerhafte oder unvollst\u00e4ndige Inhalte sind alleine die Anbieter der verlinkten Seiten verantwortlich.<\/p>\n\n\n\n<h2 class=\"wp-block-heading\">Datenschutz<\/h2>\n\n\n\n<p>Mobfish verpflichtet sich die gesetzlichen Bestimmungen zum Datenschutz einzuhalten. Dabei verweisen wir gesondert auf unsere Datenschutzerkl\u00e4rung.<\/p>\n\n\n\n<h2 class=\"wp-block-heading\">Schlussbestimmungen<\/h2>\n\n\n\n<p>Sollten einzelne Klauseln des Vertrages oder der Nutzungsbedingungen ganz oder teilweise unwirksam sein oder werden, so ber\u00fchrt dies die Wirksamkeit der \u00fcbrigen Bestimmungen des Vertrages\/der Nutzungsbedingungen nicht.<\/p>\n","protected":false},"excerpt":{"rendered":"<p>Stand: 11.10.2012 Geltungsbereich Die Allgemeinen Gesch\u00e4ftsbedingungen beziehen sich auf die von der \u201cmobfish GmbH\u201d (nachfolgend mobfish genannt) betriebenen Webseiten und&#8230;<\/p>\n","protected":false},"author":1,"featured_media":0,"parent":0,"menu_order":0,"comment_status":"closed","ping_status":"closed","template":"","meta":{"jetpack_post_was_ever_published":false,"footnotes":""},"class_list":["post-588","page","type-page","status-publish","hentry"],"yoast_head":"<!-- This site is optimized with the Yoast SEO plugin v22.2 - https:\/\/yoast.com\/wordpress\/plugins\/seo\/ -->\n<title>Rechtliches - mobfish VR STUDIO - Build your own interactive VR App!<\/title>\n<meta name=\"robots\" content=\"index, follow, max-snippet:-1, max-image-preview:large, max-video-preview:-1\" \/>\n<link rel=\"canonical\" href=\"https:\/\/mobfish.net\/de\/rechtliches\/\" \/>\n<meta property=\"og:locale\" content=\"de_DE\" \/>\n<meta property=\"og:type\" content=\"article\" \/>\n<meta property=\"og:title\" content=\"Rechtliches - mobfish VR STUDIO - Build your own interactive VR App!\" \/>\n<meta property=\"og:description\" content=\"Stand: 11.10.2012 Geltungsbereich Die Allgemeinen Gesch\u00e4ftsbedingungen beziehen sich auf die von der \u201cmobfish GmbH\u201d (nachfolgend mobfish genannt) betriebenen Webseiten und...\" \/>\n<meta property=\"og:url\" content=\"https:\/\/mobfish.net\/de\/rechtliches\/\" \/>\n<meta property=\"og:site_name\" content=\"mobfish VR STUDIO - Build your own interactive VR App!\" \/>\n<meta property=\"article:modified_time\" content=\"2019-02-20T13:36:38+00:00\" \/>\n<meta name=\"twitter:card\" content=\"summary_large_image\" \/>\n<meta name=\"twitter:label1\" content=\"Gesch\u00e4tzte Lesezeit\" \/>\n\t<meta name=\"twitter:data1\" content=\"5\u00a0Minuten\" \/>\n<script type=\"application\/ld+json\" class=\"yoast-schema-graph\">{\"@context\":\"https:\/\/schema.org\",\"@graph\":[{\"@type\":\"WebPage\",\"@id\":\"https:\/\/mobfish.net\/de\/rechtliches\/\",\"url\":\"https:\/\/mobfish.net\/de\/rechtliches\/\",\"name\":\"Rechtliches - mobfish VR STUDIO - Build your own interactive VR App!\",\"isPartOf\":{\"@id\":\"https:\/\/mobfish.net\/de\/#website\"},\"datePublished\":\"2019-02-20T13:36:37+00:00\",\"dateModified\":\"2019-02-20T13:36:38+00:00\",\"breadcrumb\":{\"@id\":\"https:\/\/mobfish.net\/de\/rechtliches\/#breadcrumb\"},\"inLanguage\":\"de\",\"potentialAction\":[{\"@type\":\"ReadAction\",\"target\":[\"https:\/\/mobfish.net\/de\/rechtliches\/\"]}]},{\"@type\":\"BreadcrumbList\",\"@id\":\"https:\/\/mobfish.net\/de\/rechtliches\/#breadcrumb\",\"itemListElement\":[{\"@type\":\"ListItem\",\"position\":1,\"name\":\"Home\",\"item\":\"https:\/\/mobfish.net\/de\/\"},{\"@type\":\"ListItem\",\"position\":2,\"name\":\"Rechtliches\"}]},{\"@type\":\"WebSite\",\"@id\":\"https:\/\/mobfish.net\/de\/#website\",\"url\":\"https:\/\/mobfish.net\/de\/\",\"name\":\"mobfish VR STUDIO - Build your own interactive VR App!\",\"description\":\"\",\"potentialAction\":[{\"@type\":\"SearchAction\",\"target\":{\"@type\":\"EntryPoint\",\"urlTemplate\":\"https:\/\/mobfish.net\/de\/?s={search_term_string}\"},\"query-input\":\"required name=search_term_string\"}],\"inLanguage\":\"de\"}]}<\/script>\n<!-- \/ Yoast SEO plugin. -->","yoast_head_json":{"title":"Rechtliches - mobfish VR STUDIO - Build your own interactive VR App!","robots":{"index":"index","follow":"follow","max-snippet":"max-snippet:-1","max-image-preview":"max-image-preview:large","max-video-preview":"max-video-preview:-1"},"canonical":"https:\/\/mobfish.net\/de\/rechtliches\/","og_locale":"de_DE","og_type":"article","og_title":"Rechtliches - mobfish VR STUDIO - Build your own interactive VR App!","og_description":"Stand: 11.10.2012 Geltungsbereich Die Allgemeinen Gesch\u00e4ftsbedingungen beziehen sich auf die von der \u201cmobfish GmbH\u201d (nachfolgend mobfish genannt) betriebenen Webseiten und...","og_url":"https:\/\/mobfish.net\/de\/rechtliches\/","og_site_name":"mobfish VR STUDIO - Build your own interactive VR App!","article_modified_time":"2019-02-20T13:36:38+00:00","twitter_card":"summary_large_image","twitter_misc":{"Gesch\u00e4tzte Lesezeit":"5\u00a0Minuten"},"schema":{"@context":"https:\/\/schema.org","@graph":[{"@type":"WebPage","@id":"https:\/\/mobfish.net\/de\/rechtliches\/","url":"https:\/\/mobfish.net\/de\/rechtliches\/","name":"Rechtliches - mobfish VR STUDIO - Build your own interactive VR App!","isPartOf":{"@id":"https:\/\/mobfish.net\/de\/#website"},"datePublished":"2019-02-20T13:36:37+00:00","dateModified":"2019-02-20T13:36:38+00:00","breadcrumb":{"@id":"https:\/\/mobfish.net\/de\/rechtliches\/#breadcrumb"},"inLanguage":"de","potentialAction":[{"@type":"ReadAction","target":["https:\/\/mobfish.net\/de\/rechtliches\/"]}]},{"@type":"BreadcrumbList","@id":"https:\/\/mobfish.net\/de\/rechtliches\/#breadcrumb","itemListElement":[{"@type":"ListItem","position":1,"name":"Home","item":"https:\/\/mobfish.net\/de\/"},{"@type":"ListItem","position":2,"name":"Rechtliches"}]},{"@type":"WebSite","@id":"https:\/\/mobfish.net\/de\/#website","url":"https:\/\/mobfish.net\/de\/","name":"mobfish VR STUDIO - Build your own interactive VR App!","description":"","potentialAction":[{"@type":"SearchAction","target":{"@type":"EntryPoint","urlTemplate":"https:\/\/mobfish.net\/de\/?s={search_term_string}"},"query-input":"required name=search_term_string"}],"inLanguage":"de"}]}},"jetpack_sharing_enabled":true,"jetpack_shortlink":"https:\/\/wp.me\/PaPoOe-9u","_links":{"self":[{"href":"https:\/\/mobfish.net\/de\/wp-json\/wp\/v2\/pages\/588","targetHints":{"allow":["GET"]}}],"collection":[{"href":"https:\/\/mobfish.net\/de\/wp-json\/wp\/v2\/pages"}],"about":[{"href":"https:\/\/mobfish.net\/de\/wp-json\/wp\/v2\/types\/page"}],"author":[{"embeddable":true,"href":"https:\/\/mobfish.net\/de\/wp-json\/wp\/v2\/users\/1"}],"replies":[{"embeddable":true,"href":"https:\/\/mobfish.net\/de\/wp-json\/wp\/v2\/comments?post=588"}],"version-history":[{"count":1,"href":"https:\/\/mobfish.net\/de\/wp-json\/wp\/v2\/pages\/588\/revisions"}],"predecessor-version":[{"id":589,"href":"https:\/\/mobfish.net\/de\/wp-json\/wp\/v2\/pages\/588\/revisions\/589"}],"wp:attachment":[{"href":"https:\/\/mobfish.net\/de\/wp-json\/wp\/v2\/media?parent=588"}],"curies":[{"name":"wp","href":"https:\/\/api.w.org\/{rel}","templated":true}]}}